{"id":8208,"date":"2019-08-23T13:16:23","date_gmt":"2019-08-23T12:16:23","guid":{"rendered":"http:\/\/unikatna-slovenija.si\/trgovina\/see-by-chloe-chloe\/"},"modified":"2025-02-27T00:51:48","modified_gmt":"2025-02-26T23:51:48","slug":"see-by-chloe-chloe","status":"publish","type":"product","link":"https:\/\/unikatna-slovenija.si\/en\/trgovina\/see-by-chloe-chloe\/","title":{"rendered":"SEE BY CHLOE &#8211; Chloe"},"content":{"rendered":"<p>Sestavine<\/p>\n<div class=\"col-r\">\n<pre class=\"h5\">Zgornje note: jabol\u010dni cvet, bergamotka<\/pre>\n<pre class=\"h5\">Bazne note: jasmin, ylang ylang<\/pre>\n<pre class=\"h5\">Sr\u010dne note: vanilija, mo\u0161us, sandalovina<\/pre>\n<\/div>\n<p>&nbsp;<\/p>\n<p><strong>Sestava: INCI:<\/strong>\u00a0Alcohol Denat, Parfum, Aqua, Alergeny Citral, Eugenol, Farnesol, Isoeugenol, Lilial, Limonene, Linalool, Lyral, Geraniol, Coumarin<\/p>\n<p><strong>OPOZORILO:<\/strong>\u00a0Ni u\u017eitno, shranjujte stran od otrok<\/p>\n<p><strong>Datum uporabe:<\/strong>\u00a0natisnjen na deklaraciji parfuma<\/p>\n","protected":false},"excerpt":{"rendered":"<p>See by Chloe bo va\u0161 odli\u010dni sopotnik na vsakem koraku. Parfum simbolizira \u010dutnost, \u017eivljenjski optimizem in \u010disto lepoto. Di\u0161ava vas bo o\u010darala s svojimi cvetli\u010dnimi akordi, ki bodo dopolnili va\u0161 elegantni slog. Odenite se v avro zapeljivosti in neskon\u010dne \u010dutnosti z \u017eensko di\u0161avo See by Chloe<\/p>\n","protected":false},"featured_media":10683,"template":"","meta":[],"product_brand":[],"product_cat":[221,222],"product_tag":[257,356],"class_list":{"0":"post-8208","1":"product","2":"type-product","3":"status-publish","4":"has-post-thumbnail","6":"product_cat-parfumi","7":"product_cat-zenski-parfumi","8":"product_tag-chloe","9":"product_tag-cvetlicni","10":"pa_kolicina-15ml","11":"pa_kolicina-30ml","12":"pa_kolicina-50ml","13":"pa_kolicina-100ml","15":"first","16":"instock","17":"shipping-taxable","18":"purchasable","19":"product-type-variable"},"aioseo_notices":[],"_links":{"self":[{"href":"https:\/\/unikatna-slovenija.si\/en\/wp-json\/wp\/v2\/product\/8208","targetHints":{"allow":["GET"]}}],"collection":[{"href":"https:\/\/unikatna-slovenija.si\/en\/wp-json\/wp\/v2\/product"}],"about":[{"href":"https:\/\/unikatna-slovenija.si\/en\/wp-json\/wp\/v2\/types\/product"}],"wp:featuredmedia":[{"embeddable":true,"href":"https:\/\/unikatna-slovenija.si\/en\/wp-json\/wp\/v2\/media\/10683"}],"wp:attachment":[{"href":"https:\/\/unikatna-slovenija.si\/en\/wp-json\/wp\/v2\/media?parent=8208"}],"wp:term":[{"taxonomy":"product_brand","embeddable":true,"href":"https:\/\/unikatna-slovenija.si\/en\/wp-json\/wp\/v2\/product_brand?post=8208"},{"taxonomy":"product_cat","embeddable":true,"href":"https:\/\/unikatna-slovenija.si\/en\/wp-json\/wp\/v2\/product_cat?post=8208"},{"taxonomy":"product_tag","embeddable":true,"href":"https:\/\/unikatna-slovenija.si\/en\/wp-json\/wp\/v2\/product_tag?post=8208"}],"curies":[{"name":"wp","href":"https:\/\/api.w.org\/{rel}","templated":true}]}}