{"id":8199,"date":"2019-08-23T13:15:03","date_gmt":"2019-08-23T12:15:03","guid":{"rendered":"http:\/\/unikatna-slovenija.si\/trgovina\/premier-jour-nina-ricci\/"},"modified":"2025-02-27T00:52:59","modified_gmt":"2025-02-26T23:52:59","slug":"premier-jour-nina-ricci","status":"publish","type":"product","link":"https:\/\/unikatna-slovenija.si\/en\/trgovina\/premier-jour-nina-ricci\/","title":{"rendered":"PREMIER JOUR &#8211; Nina Ricci"},"content":{"rendered":"<p><b>Sestavine<\/b><\/p>\n<pre class=\"h5\">Zgornje note: gra\u0161ica, mandarina<\/pre>\n<pre class=\"h5\">Bazne note: lesne note, mo\u0161us, sandalovina, vanilija<\/pre>\n<pre class=\"h5\">Sr\u010dne note: gardenija, orhideja<\/pre>\n<p style=\"font-weight: 400;\"><b><strong>Sestava: INCI:\u00a0<\/strong><\/b>Alcohol Denat, Parfum, Aqua, Triethyl Citrate, Benzyl Salicylate, Citral, Citronellol, Geraniol, Hexyl Cinnamal, Hydroxy Citronellal, Hydroxyisohexyl 3-Cyclohexene Carboxaldehyde, D-Limonene, Linalool, Buthylphenyl Methylpropional, Alpha-Isomethyl Ionone<\/p>\n<p style=\"font-weight: 400;\"><b><strong>OPOZORILO:<\/strong><\/b>\u00a0Ni u\u017eitno, shranjujte stran od otrok<\/p>\n<p style=\"font-weight: 400;\"><b><strong>Datum uporabe:<\/strong><\/b>\u00a0natisnjen na deklaraciji parfuma<\/p>\n","protected":false},"excerpt":{"rendered":"<p>Premier Jour je priljubljena po svoji romanti\u010dni sestavi, ki spominja na \u017eenskost, kateri se mo\u0161ki ne morejo upreti.<\/p>\n","protected":false},"featured_media":10683,"template":"","meta":[],"product_brand":[],"product_cat":[221,222],"product_tag":[356,345],"class_list":{"0":"post-8199","1":"product","2":"type-product","3":"status-publish","4":"has-post-thumbnail","6":"product_cat-parfumi","7":"product_cat-zenski-parfumi","8":"product_tag-cvetlicni","9":"product_tag-nina-ricci","10":"pa_kolicina-15ml","11":"pa_kolicina-30ml","12":"pa_kolicina-50ml","13":"pa_kolicina-100ml","15":"first","16":"outofstock","17":"shipping-taxable","18":"purchasable","19":"product-type-variable"},"aioseo_notices":[],"_links":{"self":[{"href":"https:\/\/unikatna-slovenija.si\/en\/wp-json\/wp\/v2\/product\/8199","targetHints":{"allow":["GET"]}}],"collection":[{"href":"https:\/\/unikatna-slovenija.si\/en\/wp-json\/wp\/v2\/product"}],"about":[{"href":"https:\/\/unikatna-slovenija.si\/en\/wp-json\/wp\/v2\/types\/product"}],"wp:featuredmedia":[{"embeddable":true,"href":"https:\/\/unikatna-slovenija.si\/en\/wp-json\/wp\/v2\/media\/10683"}],"wp:attachment":[{"href":"https:\/\/unikatna-slovenija.si\/en\/wp-json\/wp\/v2\/media?parent=8199"}],"wp:term":[{"taxonomy":"product_brand","embeddable":true,"href":"https:\/\/unikatna-slovenija.si\/en\/wp-json\/wp\/v2\/product_brand?post=8199"},{"taxonomy":"product_cat","embeddable":true,"href":"https:\/\/unikatna-slovenija.si\/en\/wp-json\/wp\/v2\/product_cat?post=8199"},{"taxonomy":"product_tag","embeddable":true,"href":"https:\/\/unikatna-slovenija.si\/en\/wp-json\/wp\/v2\/product_tag?post=8199"}],"curies":[{"name":"wp","href":"https:\/\/api.w.org\/{rel}","templated":true}]}}