{"id":8181,"date":"2019-08-23T13:13:55","date_gmt":"2019-08-23T12:13:55","guid":{"rendered":"http:\/\/unikatna-slovenija.si\/trgovina\/organza-givenchy\/"},"modified":"2025-02-27T00:54:09","modified_gmt":"2025-02-26T23:54:09","slug":"organza-givenchy","status":"publish","type":"product","link":"https:\/\/unikatna-slovenija.si\/en\/trgovina\/organza-givenchy\/","title":{"rendered":"ORGANZA &#8211; Givenchy"},"content":{"rendered":"<p>Sestavine<\/p>\n<div class=\"col-r\">\n<pre class=\"h5\">Zgornje note: vrtnica, kova\u010dnik, potonika<\/pre>\n<pre class=\"h5\">Bazne note: gardenija, ylang ylang, tuberoza<\/pre>\n<pre class=\"h5\">Sr\u010dne note: jantar, vanilija, cedra, geranija, mu\u0161katni ore\u0161\u010dek<\/pre>\n<\/div>\n<p>&nbsp;<\/p>\n<p><strong>Sestava: INCI:<\/strong>\u00a0Alcohol Denat, Parfum, Aqua, Alergeny Citral, Eugenol, Farnesol, Isoeugenol, Lilial, Limonene, Linalol, Lyral, Hexyl Cinnemal, Geraniol<\/p>\n<p><strong>OPOZORILO:<\/strong>\u00a0Ni u\u017eitno, shranjujte stran od otrok<\/p>\n<p><strong>Datum uporabe:<\/strong>\u00a0natisnjen na deklaraciji parfuma<\/p>\n","protected":false},"excerpt":{"rendered":"<p>Organza je\u00a0edinstvena \u010dutna di\u0161ava za \u017eenske. Simbolizira eleganco, \u010distost, pogum in pravo \u017eenskost. Je boginja, ki obstaja v vsaki \u017eenski in ima brez\u010dasno lepoto.<\/p>\n","protected":false},"featured_media":10683,"template":"","meta":[],"product_brand":[],"product_cat":[221,222],"product_tag":[258,359],"class_list":{"0":"post-8181","1":"product","2":"type-product","3":"status-publish","4":"has-post-thumbnail","6":"product_cat-parfumi","7":"product_cat-zenski-parfumi","8":"product_tag-givenchy","9":"product_tag-orientalski","10":"pa_kolicina-15ml","11":"pa_kolicina-30ml","12":"pa_kolicina-50ml","13":"pa_kolicina-100ml","15":"first","16":"instock","17":"shipping-taxable","18":"purchasable","19":"product-type-variable"},"aioseo_notices":[],"_links":{"self":[{"href":"https:\/\/unikatna-slovenija.si\/en\/wp-json\/wp\/v2\/product\/8181","targetHints":{"allow":["GET"]}}],"collection":[{"href":"https:\/\/unikatna-slovenija.si\/en\/wp-json\/wp\/v2\/product"}],"about":[{"href":"https:\/\/unikatna-slovenija.si\/en\/wp-json\/wp\/v2\/types\/product"}],"wp:featuredmedia":[{"embeddable":true,"href":"https:\/\/unikatna-slovenija.si\/en\/wp-json\/wp\/v2\/media\/10683"}],"wp:attachment":[{"href":"https:\/\/unikatna-slovenija.si\/en\/wp-json\/wp\/v2\/media?parent=8181"}],"wp:term":[{"taxonomy":"product_brand","embeddable":true,"href":"https:\/\/unikatna-slovenija.si\/en\/wp-json\/wp\/v2\/product_brand?post=8181"},{"taxonomy":"product_cat","embeddable":true,"href":"https:\/\/unikatna-slovenija.si\/en\/wp-json\/wp\/v2\/product_cat?post=8181"},{"taxonomy":"product_tag","embeddable":true,"href":"https:\/\/unikatna-slovenija.si\/en\/wp-json\/wp\/v2\/product_tag?post=8181"}],"curies":[{"name":"wp","href":"https:\/\/api.w.org\/{rel}","templated":true}]}}