{"id":8178,"date":"2019-08-23T13:13:55","date_gmt":"2019-08-23T12:13:55","guid":{"rendered":"http:\/\/unikatna-slovenija.si\/trgovina\/omnia-crystalline-bvlgari\/"},"modified":"2025-02-27T00:52:01","modified_gmt":"2025-02-26T23:52:01","slug":"omnia-crystalline-bvlgari","status":"publish","type":"product","link":"https:\/\/unikatna-slovenija.si\/en\/trgovina\/omnia-crystalline-bvlgari\/","title":{"rendered":"OMNIA CRYSTALLINE &#8211; Bvlgari"},"content":{"rendered":"<p>Sestavine<\/p>\n<div class=\"col-r\">\n<pre class=\"h5\">Zgornje note: hru\u0161ka, bambus<\/pre>\n<pre class=\"h5\">Bazne note: lotos, \u010daj<\/pre>\n<pre class=\"h5\">Sr\u010dne note: mo\u0161us, mahovina<\/pre>\n<\/div>\n<p>&nbsp;<\/p>\n<p><strong>Sestava: INCI:<\/strong>\u00a0Alcohol Denat, Parfum, Aqua, Alergeny Citronellol, Isoeugenol, Limonene, Llinalool, Rose Centones, Citral<\/p>\n<p><strong>OPOZORILO:<\/strong>\u00a0Ni u\u017eitno, shranjujte stran od otrok<\/p>\n<p><strong>Datum uporabe:<\/strong>\u00a0natisnjen na deklaraciji parfuma<\/p>\n","protected":false},"excerpt":{"rendered":"<p>\u010ce \u017eelite, da bi ljudje ob\u010dudovali va\u0161o \u010dutnost in zapeljivost, si priskrbite di\u0161avo Crystalline in se potopite v ne\u017ene tone lotusovega cveta in drevesa balzovca. Predajte se vonju, ki je tako opojen in \u010dist, kot je krhka \u017eenska du\u0161a.<\/p>\n","protected":false},"featured_media":10683,"template":"","meta":[],"product_brand":[],"product_cat":[221,222],"product_tag":[274,356,357],"class_list":{"0":"post-8178","1":"product","2":"type-product","3":"status-publish","4":"has-post-thumbnail","6":"product_cat-parfumi","7":"product_cat-zenski-parfumi","8":"product_tag-bvlgari","9":"product_tag-cvetlicni","10":"product_tag-svezi","11":"pa_kolicina-15ml","12":"pa_kolicina-30ml","13":"pa_kolicina-50ml","14":"pa_kolicina-100ml","16":"first","17":"outofstock","18":"shipping-taxable","19":"purchasable","20":"product-type-variable"},"aioseo_notices":[],"_links":{"self":[{"href":"https:\/\/unikatna-slovenija.si\/en\/wp-json\/wp\/v2\/product\/8178","targetHints":{"allow":["GET"]}}],"collection":[{"href":"https:\/\/unikatna-slovenija.si\/en\/wp-json\/wp\/v2\/product"}],"about":[{"href":"https:\/\/unikatna-slovenija.si\/en\/wp-json\/wp\/v2\/types\/product"}],"wp:featuredmedia":[{"embeddable":true,"href":"https:\/\/unikatna-slovenija.si\/en\/wp-json\/wp\/v2\/media\/10683"}],"wp:attachment":[{"href":"https:\/\/unikatna-slovenija.si\/en\/wp-json\/wp\/v2\/media?parent=8178"}],"wp:term":[{"taxonomy":"product_brand","embeddable":true,"href":"https:\/\/unikatna-slovenija.si\/en\/wp-json\/wp\/v2\/product_brand?post=8178"},{"taxonomy":"product_cat","embeddable":true,"href":"https:\/\/unikatna-slovenija.si\/en\/wp-json\/wp\/v2\/product_cat?post=8178"},{"taxonomy":"product_tag","embeddable":true,"href":"https:\/\/unikatna-slovenija.si\/en\/wp-json\/wp\/v2\/product_tag?post=8178"}],"curies":[{"name":"wp","href":"https:\/\/api.w.org\/{rel}","templated":true}]}}