{"id":8163,"date":"2019-08-23T13:13:55","date_gmt":"2019-08-23T12:13:55","guid":{"rendered":"http:\/\/unikatna-slovenija.si\/trgovina\/nectar-love-donna-karan\/"},"modified":"2025-02-27T00:54:09","modified_gmt":"2025-02-26T23:54:09","slug":"nectar-love-donna-karan","status":"publish","type":"product","link":"https:\/\/unikatna-slovenija.si\/en\/trgovina\/nectar-love-donna-karan\/","title":{"rendered":"NECTAR LOVE &#8211; Donna Karan"},"content":{"rendered":"<p>Sestavine<\/p>\n<div class=\"col-r\">\n<pre class=\"h5\">Zgornje note: frezija, grenivka, mandarina<\/pre>\n<pre class=\"h5\">Bazne note: jasmin, mirabela, \u0161marnica<\/pre>\n<pre class=\"h5\">Sr\u010dne note: cedra, \u010debelji vosek, mo\u0161us, neroli, vanilija<\/pre>\n<\/div>\n<p>&nbsp;<\/p>\n<p><strong>Sestava: INCI:<\/strong>\u00a0Alcohol Denat, Parfum, Butylphenyl Methylpropional, Hydroxyisohexly 3-Cyclohexene Carboxaldehyde, Alpha- Isomethyl Ionone, Aqua, Triethyl Citrate, Benzyl Salicylate, Citronellol, Coumarin, Geraniol, Citral, D-Limonene<\/p>\n<p><strong>OPOZORILO:<\/strong>\u00a0Ni u\u017eitno, shranjujte stran od otrok<\/p>\n<p><strong>Datum uporabe:<\/strong>\u00a0natisnjen na deklaraciji parfuma<\/p>\n","protected":false},"excerpt":{"rendered":"<p>Sestavine Zgornje note: frezija, grenivka, mandarina Bazne note: jasmin, mirabela, \u0161marnica Sr\u010dne note: cedra, \u010debelji vosek, mo\u0161us, neroli, vanilija &nbsp; Sestava: INCI:\u00a0Alcohol Denat, Parfum, Butylphenyl Methylpropional, Hydroxyisohexly 3-Cyclohexene Carboxaldehyde, Alpha- Isomethyl Ionone, Aqua, Triethyl Citrate, Benzyl Salicylate, Citronellol, Coumarin, Geraniol, Citral, D-Limonene OPOZORILO:\u00a0Ni u\u017eitno, shranjujte stran od otrok Datum uporabe:\u00a0natisnjen na deklaraciji parfuma<\/p>\n","protected":false},"featured_media":10683,"template":"","meta":[],"product_brand":[],"product_cat":[221,222],"product_tag":[356,333,359],"class_list":{"0":"post-8163","1":"product","2":"type-product","3":"status-publish","4":"has-post-thumbnail","6":"product_cat-parfumi","7":"product_cat-zenski-parfumi","8":"product_tag-cvetlicni","9":"product_tag-donna-karan","10":"product_tag-orientalski","11":"pa_kolicina-15ml","12":"pa_kolicina-30ml","13":"pa_kolicina-50ml","14":"pa_kolicina-100ml","16":"first","17":"instock","18":"shipping-taxable","19":"purchasable","20":"product-type-variable"},"aioseo_notices":[],"_links":{"self":[{"href":"https:\/\/unikatna-slovenija.si\/en\/wp-json\/wp\/v2\/product\/8163","targetHints":{"allow":["GET"]}}],"collection":[{"href":"https:\/\/unikatna-slovenija.si\/en\/wp-json\/wp\/v2\/product"}],"about":[{"href":"https:\/\/unikatna-slovenija.si\/en\/wp-json\/wp\/v2\/types\/product"}],"wp:featuredmedia":[{"embeddable":true,"href":"https:\/\/unikatna-slovenija.si\/en\/wp-json\/wp\/v2\/media\/10683"}],"wp:attachment":[{"href":"https:\/\/unikatna-slovenija.si\/en\/wp-json\/wp\/v2\/media?parent=8163"}],"wp:term":[{"taxonomy":"product_brand","embeddable":true,"href":"https:\/\/unikatna-slovenija.si\/en\/wp-json\/wp\/v2\/product_brand?post=8163"},{"taxonomy":"product_cat","embeddable":true,"href":"https:\/\/unikatna-slovenija.si\/en\/wp-json\/wp\/v2\/product_cat?post=8163"},{"taxonomy":"product_tag","embeddable":true,"href":"https:\/\/unikatna-slovenija.si\/en\/wp-json\/wp\/v2\/product_tag?post=8163"}],"curies":[{"name":"wp","href":"https:\/\/api.w.org\/{rel}","templated":true}]}}