{"id":8154,"date":"2019-08-23T13:12:39","date_gmt":"2019-08-23T12:12:39","guid":{"rendered":"http:\/\/unikatna-slovenija.si\/trgovina\/mon-guerlain-guerlain\/"},"modified":"2025-02-27T00:51:48","modified_gmt":"2025-02-26T23:51:48","slug":"mon-guerlain-guerlain","status":"publish","type":"product","link":"https:\/\/unikatna-slovenija.si\/en\/trgovina\/mon-guerlain-guerlain\/","title":{"rendered":"MON GUERLAIN &#8211; Guerlain"},"content":{"rendered":"<p>Sestavine<\/p>\n<div class=\"col-r\">\n<pre class=\"h5\">Zgornje note: bergamotka, sivka<\/pre>\n<pre class=\"h5\">Bazne note: perunika, arabski jasmin<\/pre>\n<pre class=\"h5\">Sr\u010dne note: vanilija, sandalovina, kumarin<\/pre>\n<\/div>\n<p><strong>Sestava: INCI:<\/strong>\u00a0Alcohol Denat, Parfum, Hydroxyisohexyl 3-Cyclohexene Carboxaldehyde, Butylphenyl Methylpropional, Aqua, Triethyl Citrate, Citronellol, Geraniol, Hydroxycitronellal, D-Limonene, Linalool, Alpha-Isomethyl Ionone<\/p>\n<p><strong>OPOZORILO:<\/strong>\u00a0Ni u\u017eitno, shranjujte stran od otrok<\/p>\n<p><strong>Datum uporabe:<\/strong>\u00a0natisnjen na deklaraciji parfuma<\/p>\n","protected":false},"excerpt":{"rendered":"<p>Di\u0161ava Mon Guerlain je prefinjena, \u017eenstvena in zelo elegantna di\u0161ava. Sladka orientalsko &#8211; lesna di\u0161ava je intenzivna in dolgo obstojna. Vstopite v moderen svet z omamno di\u0161avo Mon Guerlain.<\/p>\n","protected":false},"featured_media":10683,"template":"","meta":[],"product_brand":[],"product_cat":[221,222],"product_tag":[225,358,359],"class_list":{"0":"post-8154","1":"product","2":"type-product","3":"status-publish","4":"has-post-thumbnail","6":"product_cat-parfumi","7":"product_cat-zenski-parfumi","8":"product_tag-guerlain","9":"product_tag-lesni","10":"product_tag-orientalski","11":"pa_kolicina-15ml","12":"pa_kolicina-30ml","13":"pa_kolicina-50ml","14":"pa_kolicina-100ml","16":"first","17":"instock","18":"shipping-taxable","19":"purchasable","20":"product-type-variable"},"aioseo_notices":[],"_links":{"self":[{"href":"https:\/\/unikatna-slovenija.si\/en\/wp-json\/wp\/v2\/product\/8154","targetHints":{"allow":["GET"]}}],"collection":[{"href":"https:\/\/unikatna-slovenija.si\/en\/wp-json\/wp\/v2\/product"}],"about":[{"href":"https:\/\/unikatna-slovenija.si\/en\/wp-json\/wp\/v2\/types\/product"}],"wp:featuredmedia":[{"embeddable":true,"href":"https:\/\/unikatna-slovenija.si\/en\/wp-json\/wp\/v2\/media\/10683"}],"wp:attachment":[{"href":"https:\/\/unikatna-slovenija.si\/en\/wp-json\/wp\/v2\/media?parent=8154"}],"wp:term":[{"taxonomy":"product_brand","embeddable":true,"href":"https:\/\/unikatna-slovenija.si\/en\/wp-json\/wp\/v2\/product_brand?post=8154"},{"taxonomy":"product_cat","embeddable":true,"href":"https:\/\/unikatna-slovenija.si\/en\/wp-json\/wp\/v2\/product_cat?post=8154"},{"taxonomy":"product_tag","embeddable":true,"href":"https:\/\/unikatna-slovenija.si\/en\/wp-json\/wp\/v2\/product_tag?post=8154"}],"curies":[{"name":"wp","href":"https:\/\/api.w.org\/{rel}","templated":true}]}}