{"id":8105,"date":"2019-08-23T13:10:24","date_gmt":"2019-08-23T12:10:24","guid":{"rendered":"http:\/\/unikatna-slovenija.si\/trgovina\/la-vie-est-belle-florale-lancome\/"},"modified":"2025-02-27T00:52:59","modified_gmt":"2025-02-26T23:52:59","slug":"la-vie-est-belle-florale-lancome","status":"publish","type":"product","link":"https:\/\/unikatna-slovenija.si\/en\/trgovina\/la-vie-est-belle-florale-lancome\/","title":{"rendered":"LA VIE EST BELLE FLORALE &#8211; Lancome"},"content":{"rendered":"<p>Sestavine<\/p>\n<div class=\"col-r\">\n<pre class=\"h5\">Zgornje note: bergamotka, frezija, listi \u010drnega ribeza, ro\u017enati poper<\/pre>\n<pre class=\"h5\">Bazne note: ambra les, mo\u0161us, pa\u010duli<\/pre>\n<pre class=\"h5\">Sr\u010dne note: di\u0161e\u010di oljkovec, jasmin, magnolija, pomaran\u010dni cvet, vijolica, vrtnica<\/pre>\n<\/div>\n<p><strong>Sestava: INCI:<\/strong>\u00a0Alcohol Denat, Parfum, Aqua, Alergeny Citronellol, Iso Eugenol, Limonene, Linalool, Benzyl Salicylate<\/p>\n<p><strong>OPOZORILO:<\/strong>\u00a0Ni u\u017eitno, shranjujte stran od otrok<\/p>\n<p><strong>Datum uporabe:<\/strong>\u00a0natisnjen na deklaraciji parfuma<\/p>\n","protected":false},"excerpt":{"rendered":"<p>Cvetli\u010dno &#8211; sadna di\u0161ava odseva luksuz, eleganco in ekskluzivnost. Odkrijte njeno pravo podobo in u\u017eivajte v sve\u017ei aromi bergamotke.<\/p>\n","protected":false},"featured_media":10683,"template":"","meta":[],"product_brand":[],"product_cat":[221,222],"product_tag":[356,248],"class_list":{"0":"post-8105","1":"product","2":"type-product","3":"status-publish","4":"has-post-thumbnail","6":"product_cat-parfumi","7":"product_cat-zenski-parfumi","8":"product_tag-cvetlicni","9":"product_tag-lancome","10":"pa_kolicina-15ml","11":"pa_kolicina-30ml","12":"pa_kolicina-50ml","13":"pa_kolicina-100ml","15":"first","16":"instock","17":"shipping-taxable","18":"purchasable","19":"product-type-variable"},"aioseo_notices":[],"_links":{"self":[{"href":"https:\/\/unikatna-slovenija.si\/en\/wp-json\/wp\/v2\/product\/8105","targetHints":{"allow":["GET"]}}],"collection":[{"href":"https:\/\/unikatna-slovenija.si\/en\/wp-json\/wp\/v2\/product"}],"about":[{"href":"https:\/\/unikatna-slovenija.si\/en\/wp-json\/wp\/v2\/types\/product"}],"wp:featuredmedia":[{"embeddable":true,"href":"https:\/\/unikatna-slovenija.si\/en\/wp-json\/wp\/v2\/media\/10683"}],"wp:attachment":[{"href":"https:\/\/unikatna-slovenija.si\/en\/wp-json\/wp\/v2\/media?parent=8105"}],"wp:term":[{"taxonomy":"product_brand","embeddable":true,"href":"https:\/\/unikatna-slovenija.si\/en\/wp-json\/wp\/v2\/product_brand?post=8105"},{"taxonomy":"product_cat","embeddable":true,"href":"https:\/\/unikatna-slovenija.si\/en\/wp-json\/wp\/v2\/product_cat?post=8105"},{"taxonomy":"product_tag","embeddable":true,"href":"https:\/\/unikatna-slovenija.si\/en\/wp-json\/wp\/v2\/product_tag?post=8105"}],"curies":[{"name":"wp","href":"https:\/\/api.w.org\/{rel}","templated":true}]}}