{"id":8081,"date":"2019-08-23T13:08:05","date_gmt":"2019-08-23T12:08:05","guid":{"rendered":"http:\/\/unikatna-slovenija.si\/trgovina\/hugo-xx-hugo-boss\/"},"modified":"2025-02-27T00:52:29","modified_gmt":"2025-02-26T23:52:29","slug":"hugo-xx-hugo-boss","status":"publish","type":"product","link":"https:\/\/unikatna-slovenija.si\/en\/trgovina\/hugo-xx-hugo-boss\/","title":{"rendered":"XX &#8211; Hugo Boss"},"content":{"rendered":"<p>Sestavine<\/p>\n<div class=\"col-r\">\n<pre class=\"h5\">Zgornje note: ribez, mandarina, li\u010di<\/pre>\n<pre class=\"h5\">Bazne note: jasmin, vrtnica, ri\u017e<\/pre>\n<pre class=\"h5\">Sr\u010dne note: sandalovina, ambra<\/pre>\n<\/div>\n<p><strong>Sestava: INCI:<\/strong>\u00a0Alcohol Denat, Parfum, Aqua, Triethyl Citrate, Citral, Citronellol, Coumarin, Geraniol, Hydroxy Citronellal, D-Limonene, Linalool, Butylphenyl Methylpropional<\/p>\n<p><strong>OPOZORILO:<\/strong>\u00a0Ni u\u017eitno, shranjujte stran od otrok<strong><\/p>\n<p><\/strong><\/p>\n<p><strong>Datum uporabe:<\/strong>\u00a0natisnjen na deklaraciji parfuma<\/p>\n","protected":false},"excerpt":{"rendered":"<p>Gre za zelo ne\u017een, nekoliko topel vonj. Hugo XX vas bo navdihnila s svojim sve\u017eim sadnim vonjem, ki zna priklicati vzdu\u0161je toplih pomladanskih in poletnih dni.<\/p>\n","protected":false},"featured_media":10683,"template":"","meta":[],"product_brand":[],"product_cat":[221,222],"product_tag":[356,242],"class_list":{"0":"post-8081","1":"product","2":"type-product","3":"status-publish","4":"has-post-thumbnail","6":"product_cat-parfumi","7":"product_cat-zenski-parfumi","8":"product_tag-cvetlicni","9":"product_tag-hugo-boss","10":"pa_kolicina-15ml","11":"pa_kolicina-30ml","12":"pa_kolicina-50ml","13":"pa_kolicina-100ml","15":"first","16":"instock","17":"shipping-taxable","18":"purchasable","19":"product-type-variable"},"aioseo_notices":[],"_links":{"self":[{"href":"https:\/\/unikatna-slovenija.si\/en\/wp-json\/wp\/v2\/product\/8081","targetHints":{"allow":["GET"]}}],"collection":[{"href":"https:\/\/unikatna-slovenija.si\/en\/wp-json\/wp\/v2\/product"}],"about":[{"href":"https:\/\/unikatna-slovenija.si\/en\/wp-json\/wp\/v2\/types\/product"}],"wp:featuredmedia":[{"embeddable":true,"href":"https:\/\/unikatna-slovenija.si\/en\/wp-json\/wp\/v2\/media\/10683"}],"wp:attachment":[{"href":"https:\/\/unikatna-slovenija.si\/en\/wp-json\/wp\/v2\/media?parent=8081"}],"wp:term":[{"taxonomy":"product_brand","embeddable":true,"href":"https:\/\/unikatna-slovenija.si\/en\/wp-json\/wp\/v2\/product_brand?post=8081"},{"taxonomy":"product_cat","embeddable":true,"href":"https:\/\/unikatna-slovenija.si\/en\/wp-json\/wp\/v2\/product_cat?post=8081"},{"taxonomy":"product_tag","embeddable":true,"href":"https:\/\/unikatna-slovenija.si\/en\/wp-json\/wp\/v2\/product_tag?post=8081"}],"curies":[{"name":"wp","href":"https:\/\/api.w.org\/{rel}","templated":true}]}}