{"id":8066,"date":"2019-08-23T13:08:05","date_gmt":"2019-08-23T12:08:05","guid":{"rendered":"http:\/\/unikatna-slovenija.si\/trgovina\/green-tea-elizabeth-arden\/"},"modified":"2025-02-27T00:52:59","modified_gmt":"2025-02-26T23:52:59","slug":"green-tea-elizabeth-arden","status":"publish","type":"product","link":"https:\/\/unikatna-slovenija.si\/en\/trgovina\/green-tea-elizabeth-arden\/","title":{"rendered":"GREEN TEA &#8211; Elizabeth Arden"},"content":{"rendered":"<p>Sestavine<\/p>\n<div class=\"col-r\">\n<pre class=\"h5\">Zgornje note: rabarbara, meta, limona, bergamotka, pomaran\u010dna lupina<\/pre>\n<pre class=\"h5\">Bazne note: hrastov mah, nagelj, jasmin, mo\u0161us, jantar<\/pre>\n<pre class=\"h5\">Sr\u010dne note: zeleni \u010daj, mo\u0161us, kumina, jasmin, nageljnove \u017ebice, hrastov mah<\/pre>\n<\/div>\n<p><strong>Sestava: INCI:<\/strong>\u00a0Alcohol Denat, Parfum, Aqua, Alergeny Citronellol, Iso Eugenol, Limonene, Linalool, Benzyl Salicylate<\/p>\n<p><strong>OPOZORILO:<\/strong>\u00a0Ni u\u017eitno, shranjujte stran od otrok<\/p>\n<p><strong>Datum uporabe:<\/strong>\u00a0natisnjen na deklaraciji parfuma<\/p>\n","protected":false},"excerpt":{"rendered":"<p>Prijeten vonj sve\u017ee di\u0161ave bo va\u0161 odli\u010den sopotnik skozi ves dan. Do\u017eivite val naravne energije z edinstvenim \u017eenskim parfumom Green Tea.<\/p>\n","protected":false},"featured_media":10683,"template":"","meta":[],"product_brand":[],"product_cat":[221,222],"product_tag":[355,256],"class_list":{"0":"post-8066","1":"product","2":"type-product","3":"status-publish","4":"has-post-thumbnail","6":"product_cat-parfumi","7":"product_cat-zenski-parfumi","8":"product_tag-citrusni","9":"product_tag-elizabeth-arden","10":"pa_kolicina-15ml","11":"pa_kolicina-30ml","12":"pa_kolicina-50ml","13":"pa_kolicina-100ml","15":"first","16":"instock","17":"shipping-taxable","18":"purchasable","19":"product-type-variable"},"aioseo_notices":[],"_links":{"self":[{"href":"https:\/\/unikatna-slovenija.si\/en\/wp-json\/wp\/v2\/product\/8066","targetHints":{"allow":["GET"]}}],"collection":[{"href":"https:\/\/unikatna-slovenija.si\/en\/wp-json\/wp\/v2\/product"}],"about":[{"href":"https:\/\/unikatna-slovenija.si\/en\/wp-json\/wp\/v2\/types\/product"}],"wp:featuredmedia":[{"embeddable":true,"href":"https:\/\/unikatna-slovenija.si\/en\/wp-json\/wp\/v2\/media\/10683"}],"wp:attachment":[{"href":"https:\/\/unikatna-slovenija.si\/en\/wp-json\/wp\/v2\/media?parent=8066"}],"wp:term":[{"taxonomy":"product_brand","embeddable":true,"href":"https:\/\/unikatna-slovenija.si\/en\/wp-json\/wp\/v2\/product_brand?post=8066"},{"taxonomy":"product_cat","embeddable":true,"href":"https:\/\/unikatna-slovenija.si\/en\/wp-json\/wp\/v2\/product_cat?post=8066"},{"taxonomy":"product_tag","embeddable":true,"href":"https:\/\/unikatna-slovenija.si\/en\/wp-json\/wp\/v2\/product_tag?post=8066"}],"curies":[{"name":"wp","href":"https:\/\/api.w.org\/{rel}","templated":true}]}}