{"id":8045,"date":"2019-08-23T13:07:04","date_gmt":"2019-08-23T12:07:04","guid":{"rendered":"http:\/\/unikatna-slovenija.si\/trgovina\/eros-pour-femme-versace\/"},"modified":"2025-02-27T00:52:16","modified_gmt":"2025-02-26T23:52:16","slug":"eros-pour-femme-versace","status":"publish","type":"product","link":"https:\/\/unikatna-slovenija.si\/en\/trgovina\/eros-pour-femme-versace\/","title":{"rendered":"EROS POUR FEMME &#8211; Versace"},"content":{"rendered":"<p><b>Sestavine<\/b><\/p>\n<pre class=\"h5\">Zgornje note: granatno jabolko, bergamotka, sicilijanska limona<\/pre>\n<pre class=\"h5\">Bazne note: potonika, jasmin, cvet limone<\/pre>\n<pre class=\"h5\">Sr\u010dne note: ambroksan, lesne note, mo\u0161us, sandalovina<\/pre>\n<p style=\"font-weight: 400;\"><b><strong>Sestava: INCI:\u00a0<\/strong><\/b>Alcohol Denat, Parfum, Hydroxyisohexyl 3\u2013Cyclohexene Carboxaldehyde, Aqua, Triethyl Citrate, Benzyl Benzoate, Benzyl Salicylate, Cinnamal Alcohol, Citronellol, Coumarin, Geraniol, Hydroxy Citronellal, Linalool, Alpha-Isomethyl Ionone<\/p>\n<p style=\"font-weight: 400;\"><b><strong>OPOZORILO:<\/strong><\/b>\u00a0Ni u\u017eitno, shranjujte stran od otrok<\/p>\n<p style=\"font-weight: 400;\"><b><strong>Datum uporabe:<\/strong><\/b>\u00a0natisnjen na deklaraciji parfuma<\/p>\n","protected":false},"excerpt":{"rendered":"<p>Privla\u010dnost, \u017eelja in strast &#8211; to so sestavine, ki najbolje opi\u0161ejo di\u0161avo Eros. Parfum Eros je di\u0161ava absolutne mo\u010di in zapeljevanja.<\/p>\n","protected":false},"featured_media":10683,"template":"","meta":[],"product_brand":[],"product_cat":[221,222],"product_tag":[356,358,247],"class_list":{"0":"post-8045","1":"product","2":"type-product","3":"status-publish","4":"has-post-thumbnail","6":"product_cat-parfumi","7":"product_cat-zenski-parfumi","8":"product_tag-cvetlicni","9":"product_tag-lesni","10":"product_tag-versace","11":"pa_kolicina-15ml","12":"pa_kolicina-30ml","13":"pa_kolicina-50ml","14":"pa_kolicina-100ml","16":"first","17":"outofstock","18":"shipping-taxable","19":"purchasable","20":"product-type-variable"},"aioseo_notices":[],"_links":{"self":[{"href":"https:\/\/unikatna-slovenija.si\/en\/wp-json\/wp\/v2\/product\/8045","targetHints":{"allow":["GET"]}}],"collection":[{"href":"https:\/\/unikatna-slovenija.si\/en\/wp-json\/wp\/v2\/product"}],"about":[{"href":"https:\/\/unikatna-slovenija.si\/en\/wp-json\/wp\/v2\/types\/product"}],"wp:featuredmedia":[{"embeddable":true,"href":"https:\/\/unikatna-slovenija.si\/en\/wp-json\/wp\/v2\/media\/10683"}],"wp:attachment":[{"href":"https:\/\/unikatna-slovenija.si\/en\/wp-json\/wp\/v2\/media?parent=8045"}],"wp:term":[{"taxonomy":"product_brand","embeddable":true,"href":"https:\/\/unikatna-slovenija.si\/en\/wp-json\/wp\/v2\/product_brand?post=8045"},{"taxonomy":"product_cat","embeddable":true,"href":"https:\/\/unikatna-slovenija.si\/en\/wp-json\/wp\/v2\/product_cat?post=8045"},{"taxonomy":"product_tag","embeddable":true,"href":"https:\/\/unikatna-slovenija.si\/en\/wp-json\/wp\/v2\/product_tag?post=8045"}],"curies":[{"name":"wp","href":"https:\/\/api.w.org\/{rel}","templated":true}]}}