{"id":8027,"date":"2019-08-23T13:06:02","date_gmt":"2019-08-23T12:06:02","guid":{"rendered":"http:\/\/unikatna-slovenija.si\/trgovina\/daisy-marc-jacobs\/"},"modified":"2025-02-27T00:52:45","modified_gmt":"2025-02-26T23:52:45","slug":"daisy-marc-jacobs","status":"publish","type":"product","link":"https:\/\/unikatna-slovenija.si\/en\/trgovina\/daisy-marc-jacobs\/","title":{"rendered":"DAISY &#8211; Marc Jacobs"},"content":{"rendered":"<div class=\"col-r\">\n<h3 class=\"h4\">Sestavine<\/h3>\n<pre class=\"h5\">Zgornje note: gozdne jagode, rde\u010da grenivka, listi vijolice<\/pre>\n<pre class=\"h5\">Bazne note: jasmin, gardenija, vijolica<\/pre>\n<pre class=\"h5\">Sr\u010dne note: mo\u0161us, vanilija, beli les<\/pre>\n<\/div>\n<p><b>\u00a0<\/b><\/p>\n<p><b>Sestava: INCI:\u00a0<\/b>Alcohol Denat, Parfum, Butylphenyl Methylpropional, Aqua, Triethyl Citrate, Benzyl Benzoate, Benzyl Salicylate, Citronellol, Geraniol, Hexyl Cinnamal, Hydroxy Citronellal, Hydroxyisohexyl 3-Cyclohexene Carboxaldehyde, D-Limonene, Linalool, Alpha-Isomethyl Ionone<\/p>\n<p><strong>OPOZORILO:<\/strong>\u00a0Ni u\u017eitno, shranjujte stran od otrok<\/p>\n<p><strong>Datum uporabe:<\/strong>\u00a0natisnjen na deklaraciji parfuma<\/p>\n","protected":false},"excerpt":{"rendered":"<p>Daisy je lahka, nedol\u017ena, sve\u017ea di\u0161ava, ki kombinira cvetje in sadje. Ob\u010dutek sve\u017eine in radosti \u017eivljenja vam prinese v vsakem trenutku in ob vsaki prilo\u017enosti. Njegova igrivost in lahkotnost vas vedno navdu\u0161i.<\/p>\n","protected":false},"featured_media":10683,"template":"","meta":[],"product_brand":[],"product_cat":[221,222],"product_tag":[356,358,316],"class_list":{"0":"post-8027","1":"product","2":"type-product","3":"status-publish","4":"has-post-thumbnail","6":"product_cat-parfumi","7":"product_cat-zenski-parfumi","8":"product_tag-cvetlicni","9":"product_tag-lesni","10":"product_tag-marc-jacobs","11":"pa_kolicina-15ml","12":"pa_kolicina-30ml","13":"pa_kolicina-50ml","14":"pa_kolicina-100ml","16":"first","17":"instock","18":"shipping-taxable","19":"purchasable","20":"product-type-variable"},"aioseo_notices":[],"_links":{"self":[{"href":"https:\/\/unikatna-slovenija.si\/en\/wp-json\/wp\/v2\/product\/8027","targetHints":{"allow":["GET"]}}],"collection":[{"href":"https:\/\/unikatna-slovenija.si\/en\/wp-json\/wp\/v2\/product"}],"about":[{"href":"https:\/\/unikatna-slovenija.si\/en\/wp-json\/wp\/v2\/types\/product"}],"wp:featuredmedia":[{"embeddable":true,"href":"https:\/\/unikatna-slovenija.si\/en\/wp-json\/wp\/v2\/media\/10683"}],"wp:attachment":[{"href":"https:\/\/unikatna-slovenija.si\/en\/wp-json\/wp\/v2\/media?parent=8027"}],"wp:term":[{"taxonomy":"product_brand","embeddable":true,"href":"https:\/\/unikatna-slovenija.si\/en\/wp-json\/wp\/v2\/product_brand?post=8027"},{"taxonomy":"product_cat","embeddable":true,"href":"https:\/\/unikatna-slovenija.si\/en\/wp-json\/wp\/v2\/product_cat?post=8027"},{"taxonomy":"product_tag","embeddable":true,"href":"https:\/\/unikatna-slovenija.si\/en\/wp-json\/wp\/v2\/product_tag?post=8027"}],"curies":[{"name":"wp","href":"https:\/\/api.w.org\/{rel}","templated":true}]}}