{"id":8021,"date":"2019-08-23T13:04:57","date_gmt":"2019-08-23T12:04:57","guid":{"rendered":"http:\/\/unikatna-slovenija.si\/trgovina\/classique-jean-paul-gaultier\/"},"modified":"2025-02-27T00:53:55","modified_gmt":"2025-02-26T23:53:55","slug":"classique-jean-paul-gaultier","status":"publish","type":"product","link":"https:\/\/unikatna-slovenija.si\/en\/trgovina\/classique-jean-paul-gaultier\/","title":{"rendered":"CLASSIQUE &#8211; Jean Paul Gaultier"},"content":{"rendered":"<p>Sestavine<\/p>\n<div class=\"col-r\">\n<pre class=\"h5\">Zgornje note: cvet pomaran\u010devca, mandarina, vrtnica, zvezdasti jane\u017e, hru\u0161ka, bergamotka<\/pre>\n<pre class=\"h5\">Bazne note: perunika, orhideja, sliva, ylang ylang, tuberoza, ingver<\/pre>\n<pre class=\"h5\">Sr\u010dne note: jantar, vanilija, mo\u0161us, sandalovina, cimet<\/pre>\n<\/div>\n<p><strong>Sestava: INCI:<\/strong>\u00a0Alcohol Denat, Parfum, Aqua, Triethyl Citrate, Citral, Citronellol, Coumarin, Geraniol, Hydroxy Citronellal, D-Limonene, Linalool, Butylphenyl Methylpropional<\/p>\n<p><strong>OPOZORILO:<\/strong>\u00a0Ni u\u017eitno, shranjujte stran od otrok<\/p>\n<p><strong>Datum uporabe:<\/strong>\u00a0natisnjen na deklaraciji parfuma<\/p>\n","protected":false},"excerpt":{"rendered":"<p>Classique predstavlja lepo, romanti\u010dno, \u010dutno in prefinjeno di\u0161avo, ki je sestavljena iz me\u0161anice cvetno-sadnih esenc. Di\u0161ava je bila posebej zasnovana\u00a0za samozavestne in\u00a0elegantne \u017eenske z izbranim okusom.<\/p>\n","protected":false},"featured_media":10683,"template":"","meta":[],"product_brand":[],"product_cat":[221,222],"product_tag":[356,241,359],"class_list":{"0":"post-8021","1":"product","2":"type-product","3":"status-publish","4":"has-post-thumbnail","6":"product_cat-parfumi","7":"product_cat-zenski-parfumi","8":"product_tag-cvetlicni","9":"product_tag-jean-paul-gaultier","10":"product_tag-orientalski","11":"pa_kolicina-15ml","12":"pa_kolicina-30ml","13":"pa_kolicina-50ml","14":"pa_kolicina-100ml","16":"first","17":"instock","18":"shipping-taxable","19":"purchasable","20":"product-type-variable"},"aioseo_notices":[],"_links":{"self":[{"href":"https:\/\/unikatna-slovenija.si\/en\/wp-json\/wp\/v2\/product\/8021","targetHints":{"allow":["GET"]}}],"collection":[{"href":"https:\/\/unikatna-slovenija.si\/en\/wp-json\/wp\/v2\/product"}],"about":[{"href":"https:\/\/unikatna-slovenija.si\/en\/wp-json\/wp\/v2\/types\/product"}],"wp:featuredmedia":[{"embeddable":true,"href":"https:\/\/unikatna-slovenija.si\/en\/wp-json\/wp\/v2\/media\/10683"}],"wp:attachment":[{"href":"https:\/\/unikatna-slovenija.si\/en\/wp-json\/wp\/v2\/media?parent=8021"}],"wp:term":[{"taxonomy":"product_brand","embeddable":true,"href":"https:\/\/unikatna-slovenija.si\/en\/wp-json\/wp\/v2\/product_brand?post=8021"},{"taxonomy":"product_cat","embeddable":true,"href":"https:\/\/unikatna-slovenija.si\/en\/wp-json\/wp\/v2\/product_cat?post=8021"},{"taxonomy":"product_tag","embeddable":true,"href":"https:\/\/unikatna-slovenija.si\/en\/wp-json\/wp\/v2\/product_tag?post=8021"}],"curies":[{"name":"wp","href":"https:\/\/api.w.org\/{rel}","templated":true}]}}