{"id":8003,"date":"2019-08-23T13:04:57","date_gmt":"2019-08-23T12:04:57","guid":{"rendered":"http:\/\/unikatna-slovenija.si\/trgovina\/bombshell-victorias-secret\/"},"modified":"2025-02-27T00:52:16","modified_gmt":"2025-02-26T23:52:16","slug":"bombshell-victorias-secret","status":"publish","type":"product","link":"https:\/\/unikatna-slovenija.si\/en\/trgovina\/bombshell-victorias-secret\/","title":{"rendered":"BOMBSHELL &#8211; Victoria&#8217;s Secret"},"content":{"rendered":"<p>Sestavine<\/p>\n<div class=\"col-r\">\n<pre class=\"h5\">Zgornje note: jagoda, marakuja, ananas, mandarina<\/pre>\n<pre class=\"h5\">Bazne note: mo\u0161us, les, mah<\/pre>\n<pre class=\"h5\">Sr\u010dne note: \u0161marnica, potonika, jasmin, rde\u010de jagodi\u010dje, orhideja<\/pre>\n<\/div>\n<p>&nbsp;<\/p>\n<p><strong>Sestava INCI:<\/strong>\u00a0Alcohol Denat, Parfum, Aqua, Alergeny Cinnamal, Citral, Citronellol, Hydroxy Citronellal, Isoeugenol, Limonene<\/p>\n<p><strong>OPOZORILO:<\/strong>\u00a0Ni u\u017eitno, shranjujte stran od otrok<\/p>\n<p><strong>Datum uporabe:<\/strong>\u00a0natisnjen na deklaraciji parfuma<\/p>\n","protected":false},"excerpt":{"rendered":"<p>Odli\u010dna sadna di\u0161ava za \u017eenske je izraz \u010dutnosti in poglobitev naravne privla\u010dnosti. Parfum je namenjen vsem \u017eenskam, ki se rade pona\u0161ajo s svojo lepoto, krhkostjo in hkrati dominantnostjo.<\/p>\n","protected":false},"featured_media":10683,"template":"","meta":[],"product_brand":[],"product_cat":[221,222],"product_tag":[357,334],"class_list":{"0":"post-8003","1":"product","2":"type-product","3":"status-publish","4":"has-post-thumbnail","6":"product_cat-parfumi","7":"product_cat-zenski-parfumi","8":"product_tag-svezi","9":"product_tag-victorias-secret","10":"pa_kolicina-15ml","11":"pa_kolicina-30ml","12":"pa_kolicina-50ml","13":"pa_kolicina-100ml","15":"first","16":"outofstock","17":"shipping-taxable","18":"purchasable","19":"product-type-variable"},"aioseo_notices":[],"_links":{"self":[{"href":"https:\/\/unikatna-slovenija.si\/en\/wp-json\/wp\/v2\/product\/8003","targetHints":{"allow":["GET"]}}],"collection":[{"href":"https:\/\/unikatna-slovenija.si\/en\/wp-json\/wp\/v2\/product"}],"about":[{"href":"https:\/\/unikatna-slovenija.si\/en\/wp-json\/wp\/v2\/types\/product"}],"wp:featuredmedia":[{"embeddable":true,"href":"https:\/\/unikatna-slovenija.si\/en\/wp-json\/wp\/v2\/media\/10683"}],"wp:attachment":[{"href":"https:\/\/unikatna-slovenija.si\/en\/wp-json\/wp\/v2\/media?parent=8003"}],"wp:term":[{"taxonomy":"product_brand","embeddable":true,"href":"https:\/\/unikatna-slovenija.si\/en\/wp-json\/wp\/v2\/product_brand?post=8003"},{"taxonomy":"product_cat","embeddable":true,"href":"https:\/\/unikatna-slovenija.si\/en\/wp-json\/wp\/v2\/product_cat?post=8003"},{"taxonomy":"product_tag","embeddable":true,"href":"https:\/\/unikatna-slovenija.si\/en\/wp-json\/wp\/v2\/product_tag?post=8003"}],"curies":[{"name":"wp","href":"https:\/\/api.w.org\/{rel}","templated":true}]}}