{"id":7997,"date":"2019-08-23T13:03:46","date_gmt":"2019-08-23T12:03:46","guid":{"rendered":"http:\/\/unikatna-slovenija.si\/trgovina\/be-delicious-donna-karan\/"},"modified":"2025-02-27T00:52:30","modified_gmt":"2025-02-26T23:52:30","slug":"be-delicious-donna-karan","status":"publish","type":"product","link":"https:\/\/unikatna-slovenija.si\/en\/trgovina\/be-delicious-donna-karan\/","title":{"rendered":"BE DELICIOUS &#8211; Donna Karan"},"content":{"rendered":"<p><strong>Sestavine<\/strong><\/p>\n<div class=\"col-r\">\n<pre class=\"h5\">Zgornje note: magnolija, kumara, grenivka<\/pre>\n<pre class=\"h5\">Bazne note: zelene jabolko, vijolica, tuberoza, vrtnica, \u0161marnica<\/pre>\n<pre class=\"h5\">Sr\u010dne note: sandalovina, lesne note, jantar<\/pre>\n<\/div>\n<p><strong>Sestava: INCI:<\/strong>\u00a0Alcohol Denat, Parfum, Aqua, Alergeny Citronellol, Isoeugenol, Limonene, Linalool, Benzyl Salicylate<\/p>\n<p><strong>OPOZORILO:<\/strong>\u00a0Ni u\u017eitno, shranjujte stran od otrok<\/p>\n<p><strong>Datum uporabe:<\/strong>\u00a0natisnjen na deklaraciji parfuma<\/p>\n","protected":false},"excerpt":{"rendered":"<p>Be Delicious je sve\u017ea, lahka di\u0161ava, ki vas preprosto o\u010dara. Kombinacija citrusov in cvetov\u00a0prinese ob\u010dutek nedol\u017enosti in skrivnosti.<\/p>\n","protected":false},"featured_media":10683,"template":"","meta":[],"product_brand":[],"product_cat":[221,222],"product_tag":[356,333],"class_list":{"0":"post-7997","1":"product","2":"type-product","3":"status-publish","4":"has-post-thumbnail","6":"product_cat-parfumi","7":"product_cat-zenski-parfumi","8":"product_tag-cvetlicni","9":"product_tag-donna-karan","10":"pa_kolicina-15ml","11":"pa_kolicina-30ml","12":"pa_kolicina-50ml","13":"pa_kolicina-100ml","15":"first","16":"instock","17":"shipping-taxable","18":"purchasable","19":"product-type-variable"},"aioseo_notices":[],"_links":{"self":[{"href":"https:\/\/unikatna-slovenija.si\/en\/wp-json\/wp\/v2\/product\/7997","targetHints":{"allow":["GET"]}}],"collection":[{"href":"https:\/\/unikatna-slovenija.si\/en\/wp-json\/wp\/v2\/product"}],"about":[{"href":"https:\/\/unikatna-slovenija.si\/en\/wp-json\/wp\/v2\/types\/product"}],"wp:featuredmedia":[{"embeddable":true,"href":"https:\/\/unikatna-slovenija.si\/en\/wp-json\/wp\/v2\/media\/10683"}],"wp:attachment":[{"href":"https:\/\/unikatna-slovenija.si\/en\/wp-json\/wp\/v2\/media?parent=7997"}],"wp:term":[{"taxonomy":"product_brand","embeddable":true,"href":"https:\/\/unikatna-slovenija.si\/en\/wp-json\/wp\/v2\/product_brand?post=7997"},{"taxonomy":"product_cat","embeddable":true,"href":"https:\/\/unikatna-slovenija.si\/en\/wp-json\/wp\/v2\/product_cat?post=7997"},{"taxonomy":"product_tag","embeddable":true,"href":"https:\/\/unikatna-slovenija.si\/en\/wp-json\/wp\/v2\/product_tag?post=7997"}],"curies":[{"name":"wp","href":"https:\/\/api.w.org\/{rel}","templated":true}]}}