{"id":7909,"date":"2019-08-23T10:04:51","date_gmt":"2019-08-23T09:04:51","guid":{"rendered":"http:\/\/unikatna-slovenija.si\/trgovina\/red-style-in-play-lacoste\/"},"modified":"2025-02-27T01:29:38","modified_gmt":"2025-02-27T00:29:38","slug":"red-style-in-play-lacoste","status":"publish","type":"product","link":"https:\/\/unikatna-slovenija.si\/en\/trgovina\/red-style-in-play-lacoste\/","title":{"rendered":"RED STYLE IN PLAY &#8211; Lacoste"},"content":{"rendered":"<div class=\"col-l\">\n<p>Sestavine<\/p>\n<\/div>\n<div class=\"col-r\">\n<pre class=\"h5\">Zgornje note: jabolko, cipresa<\/pre>\n<pre class=\"h5\">Bazne note: smreka, cedra, jasmin<\/pre>\n<pre class=\"h5\">Sr\u010dne note: pa\u010duli, vetiver, mo\u0161us<\/pre>\n<\/div>\n<p><strong>Sestava: INCI:<\/strong>\u00a0Alcohol Denat, Parfum, Butylphenyl Methylpropional, Aqua, Triethly Citrate, D-Limonene, Citral, Linalool<\/p>\n<p><strong>OPOZORILO:<\/strong>\u00a0Ni u\u017eitno, shranjujte stran od otrok<\/p>\n<p><strong>Datum uporabe:<\/strong>\u00a0natisnjen na deklaraciji parfuma<\/p>\n","protected":false},"excerpt":{"rendered":"<p>Je igriva mo\u0161ka di\u0161ava. V njej se prepletata lahkotnost in divjost. S tem parfumom se podajte v vsako tekmo, ki vam jo bo pripravilo \u017eivljenje, in enostavno vam bo uspelo, saj je Style in Play &#8211; Lacoste di\u0161ava zmagovalcev.<\/p>\n","protected":false},"featured_media":10695,"template":"","meta":[],"product_brand":[],"product_cat":[231,221],"product_tag":[356,223,358],"class_list":{"0":"post-7909","1":"product","2":"type-product","3":"status-publish","4":"has-post-thumbnail","6":"product_cat-moski-parfumi","7":"product_cat-parfumi","8":"product_tag-cvetlicni","9":"product_tag-lacoste","10":"product_tag-lesni","11":"pa_kolicina-15ml","12":"pa_kolicina-30ml","13":"pa_kolicina-50ml","14":"pa_kolicina-100ml","16":"first","17":"instock","18":"shipping-taxable","19":"purchasable","20":"product-type-variable"},"aioseo_notices":[],"_links":{"self":[{"href":"https:\/\/unikatna-slovenija.si\/en\/wp-json\/wp\/v2\/product\/7909","targetHints":{"allow":["GET"]}}],"collection":[{"href":"https:\/\/unikatna-slovenija.si\/en\/wp-json\/wp\/v2\/product"}],"about":[{"href":"https:\/\/unikatna-slovenija.si\/en\/wp-json\/wp\/v2\/types\/product"}],"wp:featuredmedia":[{"embeddable":true,"href":"https:\/\/unikatna-slovenija.si\/en\/wp-json\/wp\/v2\/media\/10695"}],"wp:attachment":[{"href":"https:\/\/unikatna-slovenija.si\/en\/wp-json\/wp\/v2\/media?parent=7909"}],"wp:term":[{"taxonomy":"product_brand","embeddable":true,"href":"https:\/\/unikatna-slovenija.si\/en\/wp-json\/wp\/v2\/product_brand?post=7909"},{"taxonomy":"product_cat","embeddable":true,"href":"https:\/\/unikatna-slovenija.si\/en\/wp-json\/wp\/v2\/product_cat?post=7909"},{"taxonomy":"product_tag","embeddable":true,"href":"https:\/\/unikatna-slovenija.si\/en\/wp-json\/wp\/v2\/product_tag?post=7909"}],"curies":[{"name":"wp","href":"https:\/\/api.w.org\/{rel}","templated":true}]}}