{"id":7894,"date":"2019-08-23T10:03:39","date_gmt":"2019-08-23T09:03:39","guid":{"rendered":"http:\/\/unikatna-slovenija.si\/trgovina\/made-to-measure-gucci\/"},"modified":"2025-02-27T00:51:34","modified_gmt":"2025-02-26T23:51:34","slug":"made-to-measure-gucci","status":"publish","type":"product","link":"https:\/\/unikatna-slovenija.si\/en\/trgovina\/made-to-measure-gucci\/","title":{"rendered":"MADE TO MEASURE &#8211; Gucci"},"content":{"rendered":"<p>Sestavine<\/p>\n<div class=\"col-r\">\n<pre class=\"h5\">Zgornje note: cvet pomaran\u010devca, jane\u017e, bergamotka, sivka<\/pre>\n<pre class=\"h5\">Bazne note: sliva, mu\u0161katni ore\u0161\u010dek, cimet, lokvanj, brin<\/pre>\n<pre class=\"h5\">Sr\u010dne note: jantar, pa\u010duli, labdanum, usnje<\/pre>\n<\/div>\n<p><strong>Sestava: INCI:<\/strong>\u00a0Alcohol Denat, Parfum, Aqua, Triethyl Citrate, Alergeny Citronellol, Isoeugenol, Limonene, Linalool, Benzyl Salicylate<\/p>\n<p><strong>OPOZORILO:<\/strong>\u00a0Ni u\u017eitno, shranjujte stran od otrok<\/p>\n<p><strong>Datum uporabe:<\/strong>\u00a0natisnjen na deklaraciji parfuma<\/p>\n","protected":false},"excerpt":{"rendered":"<p>Di\u0161ava je namenjena vsem modernim mo\u0161kim, ki i\u0161\u010dejo nove ideale lepote, radosti in harmonije. Parfum Made to Measure deluje kot dobro urejena obleka, ki se vam odli\u010dno prilega! O\u010darljiva kompozicija \u010dutnih cvetov in zapeljivega sadja zbudi va\u0161o notranjo kreativnost in prefinjenost.<\/p>\n","protected":false},"featured_media":10695,"template":"","meta":[],"product_brand":[],"product_cat":[231,221],"product_tag":[240,359],"class_list":{"0":"post-7894","1":"product","2":"type-product","3":"status-publish","4":"has-post-thumbnail","6":"product_cat-moski-parfumi","7":"product_cat-parfumi","8":"product_tag-gucci","9":"product_tag-orientalski","10":"pa_kolicina-15ml","11":"pa_kolicina-30ml","12":"pa_kolicina-50ml","13":"pa_kolicina-100ml","15":"first","16":"instock","17":"shipping-taxable","18":"purchasable","19":"product-type-variable"},"aioseo_notices":[],"_links":{"self":[{"href":"https:\/\/unikatna-slovenija.si\/en\/wp-json\/wp\/v2\/product\/7894","targetHints":{"allow":["GET"]}}],"collection":[{"href":"https:\/\/unikatna-slovenija.si\/en\/wp-json\/wp\/v2\/product"}],"about":[{"href":"https:\/\/unikatna-slovenija.si\/en\/wp-json\/wp\/v2\/types\/product"}],"wp:featuredmedia":[{"embeddable":true,"href":"https:\/\/unikatna-slovenija.si\/en\/wp-json\/wp\/v2\/media\/10695"}],"wp:attachment":[{"href":"https:\/\/unikatna-slovenija.si\/en\/wp-json\/wp\/v2\/media?parent=7894"}],"wp:term":[{"taxonomy":"product_brand","embeddable":true,"href":"https:\/\/unikatna-slovenija.si\/en\/wp-json\/wp\/v2\/product_brand?post=7894"},{"taxonomy":"product_cat","embeddable":true,"href":"https:\/\/unikatna-slovenija.si\/en\/wp-json\/wp\/v2\/product_cat?post=7894"},{"taxonomy":"product_tag","embeddable":true,"href":"https:\/\/unikatna-slovenija.si\/en\/wp-json\/wp\/v2\/product_tag?post=7894"}],"curies":[{"name":"wp","href":"https:\/\/api.w.org\/{rel}","templated":true}]}}