{"id":7861,"date":"2019-08-23T10:02:45","date_gmt":"2019-08-23T09:02:45","guid":{"rendered":"http:\/\/unikatna-slovenija.si\/trgovina\/boss-bottled-night-hugo-boss\/"},"modified":"2025-02-27T00:53:54","modified_gmt":"2025-02-26T23:53:54","slug":"boss-bottled-night-hugo-boss","status":"publish","type":"product","link":"https:\/\/unikatna-slovenija.si\/en\/trgovina\/boss-bottled-night-hugo-boss\/","title":{"rendered":"BOSS BOTTLED NIGHT &#8211; Hugo Boss"},"content":{"rendered":"<div class=\"col-r\">\n<h3 class=\"h4\">Sestavine<\/h3>\n<pre class=\"h5\">Zgornje note: breza<\/pre>\n<pre class=\"h5\">Bazne note: kardamom<\/pre>\n<pre class=\"h5\">Sr\u010dne note: mo\u0161us, les<\/pre>\n<\/div>\n<p><strong>Sestava: INCI:<\/strong>\u00a0Alcohol Denat, Parfum, Aqua, Alergeny Amly Cinnamal, Citral, Citronellol, Eugenol, Farnesol, Geraniol, Hexyl Cinnamal, Isoeugenol<\/p>\n<p><strong>OPOZORILO:<\/strong>\u00a0Ni u\u017eitno, shranjujte stran od otrok<\/p>\n<p><strong>Datum uporabe:<\/strong>\u00a0natisnjen na deklaraciji parfuma<\/p>\n","protected":false},"excerpt":{"rendered":"<p>Di\u0161ava vas navdu\u0161i s svojo \u010dutnostjo, enrgijo in strastjo, ter poudari va\u0161o edinstvenost in individualnost. Parfum je primeren za vse letne \u010dase in je \u0161e posebej primeren za mo\u0161ke, ki \u017eelijo izraziti \u010dutno strast. Poskusite skrivno oro\u017eje zapeljevanja in postanite kralj no\u010di s parfumom Bottled Night.<\/p>\n","protected":false},"featured_media":10695,"template":"","meta":[],"product_brand":[],"product_cat":[231,221],"product_tag":[242,358],"class_list":{"0":"post-7861","1":"product","2":"type-product","3":"status-publish","4":"has-post-thumbnail","6":"product_cat-moski-parfumi","7":"product_cat-parfumi","8":"product_tag-hugo-boss","9":"product_tag-lesni","10":"pa_kolicina-15ml","11":"pa_kolicina-30ml","12":"pa_kolicina-50ml","13":"pa_kolicina-100ml","15":"first","16":"instock","17":"shipping-taxable","18":"purchasable","19":"product-type-variable"},"aioseo_notices":[],"_links":{"self":[{"href":"https:\/\/unikatna-slovenija.si\/en\/wp-json\/wp\/v2\/product\/7861","targetHints":{"allow":["GET"]}}],"collection":[{"href":"https:\/\/unikatna-slovenija.si\/en\/wp-json\/wp\/v2\/product"}],"about":[{"href":"https:\/\/unikatna-slovenija.si\/en\/wp-json\/wp\/v2\/types\/product"}],"wp:featuredmedia":[{"embeddable":true,"href":"https:\/\/unikatna-slovenija.si\/en\/wp-json\/wp\/v2\/media\/10695"}],"wp:attachment":[{"href":"https:\/\/unikatna-slovenija.si\/en\/wp-json\/wp\/v2\/media?parent=7861"}],"wp:term":[{"taxonomy":"product_brand","embeddable":true,"href":"https:\/\/unikatna-slovenija.si\/en\/wp-json\/wp\/v2\/product_brand?post=7861"},{"taxonomy":"product_cat","embeddable":true,"href":"https:\/\/unikatna-slovenija.si\/en\/wp-json\/wp\/v2\/product_cat?post=7861"},{"taxonomy":"product_tag","embeddable":true,"href":"https:\/\/unikatna-slovenija.si\/en\/wp-json\/wp\/v2\/product_tag?post=7861"}],"curies":[{"name":"wp","href":"https:\/\/api.w.org\/{rel}","templated":true}]}}