{"id":7858,"date":"2019-08-23T10:01:50","date_gmt":"2019-08-23T09:01:50","guid":{"rendered":"http:\/\/unikatna-slovenija.si\/trgovina\/bois-dargent-dior\/"},"modified":"2025-02-27T00:57:12","modified_gmt":"2025-02-26T23:57:12","slug":"bois-dargent-dior","status":"publish","type":"product","link":"https:\/\/unikatna-slovenija.si\/en\/trgovina\/bois-dargent-dior\/","title":{"rendered":"BOIS D&#8217;ARGENT &#8211; Dior"},"content":{"rendered":"<p>Sestavine<\/p>\n<div class=\"col-r\">\n<pre class=\"h5\">Zgornje note: iris, cipresa, jagodi\u010dje kleke<\/pre>\n<pre class=\"h5\">Bazne note: med, ko\u017ea, amber, mo\u0161us, vanilija, lesne note, smola<\/pre>\n<pre class=\"h5\">Sr\u010dne note: pa\u010duli, suha smola<\/pre>\n<\/div>\n<p><strong>Sestava: INCI:<\/strong>\u00a0Alcohol Denat, Parfum, Aqua Alergeny Bergapten, Citral, Limette, Lilal, Limonene, Hexyl Cinnamal, Isoeugenol<\/p>\n<p><strong>OPOZORILO<\/strong>: Ni u\u017eitno, shranjujte stran od otrok<\/p>\n<p>Datum uporabe:\u00a0natisnjen na deklaraciji parfuma<\/p>\n","protected":false},"excerpt":{"rendered":"<p><strong>UNISEX PARFUM<\/strong><\/p>\n<p>Bois D\u2019Argent Dior je popolna lesna di\u0161ava za vse samostojne \u017eenske in mo\u0161ke, ki \u017eivijo po lastnih pravilih. V zgornjih notah di\u0161ave prevladujeta iris in cipresa. V nadaljevanju di\u0161ave se s toplimi toni izrazijo note medu, ko\u017ee, mo\u0161usa in vanilije. Za konec di\u0161ava v svojem srcu ponuja pa\u010duli in suho smolo. Odli\u010dna di\u0161ava je popolna di\u0161ava za oba spola, tako za \u017eenske, kot za mo\u0161ke.<\/p>\n","protected":false},"featured_media":27254,"template":"","meta":[],"product_brand":[],"product_cat":[231,221,731,222],"product_tag":[236,358],"class_list":{"0":"post-7858","1":"product","2":"type-product","3":"status-publish","4":"has-post-thumbnail","6":"product_cat-moski-parfumi","7":"product_cat-parfumi","8":"product_cat-unisex-parfumi","9":"product_cat-zenski-parfumi","10":"product_tag-dior","11":"product_tag-lesni","12":"pa_kolicina-15ml","13":"pa_kolicina-30ml","14":"pa_kolicina-50ml","15":"pa_kolicina-100ml","17":"first","18":"instock","19":"shipping-taxable","20":"purchasable","21":"product-type-variable"},"aioseo_notices":[],"_links":{"self":[{"href":"https:\/\/unikatna-slovenija.si\/en\/wp-json\/wp\/v2\/product\/7858","targetHints":{"allow":["GET"]}}],"collection":[{"href":"https:\/\/unikatna-slovenija.si\/en\/wp-json\/wp\/v2\/product"}],"about":[{"href":"https:\/\/unikatna-slovenija.si\/en\/wp-json\/wp\/v2\/types\/product"}],"wp:featuredmedia":[{"embeddable":true,"href":"https:\/\/unikatna-slovenija.si\/en\/wp-json\/wp\/v2\/media\/27254"}],"wp:attachment":[{"href":"https:\/\/unikatna-slovenija.si\/en\/wp-json\/wp\/v2\/media?parent=7858"}],"wp:term":[{"taxonomy":"product_brand","embeddable":true,"href":"https:\/\/unikatna-slovenija.si\/en\/wp-json\/wp\/v2\/product_brand?post=7858"},{"taxonomy":"product_cat","embeddable":true,"href":"https:\/\/unikatna-slovenija.si\/en\/wp-json\/wp\/v2\/product_cat?post=7858"},{"taxonomy":"product_tag","embeddable":true,"href":"https:\/\/unikatna-slovenija.si\/en\/wp-json\/wp\/v2\/product_tag?post=7858"}],"curies":[{"name":"wp","href":"https:\/\/api.w.org\/{rel}","templated":true}]}}