{"id":7849,"date":"2019-08-23T10:01:50","date_gmt":"2019-08-23T09:01:50","guid":{"rendered":"http:\/\/unikatna-slovenija.si\/trgovina\/black-afgano-nasomatto\/"},"modified":"2025-02-27T00:51:48","modified_gmt":"2025-02-26T23:51:48","slug":"black-afgano-nasomatto","status":"publish","type":"product","link":"https:\/\/unikatna-slovenija.si\/en\/trgovina\/black-afgano-nasomatto\/","title":{"rendered":"BLACK AFGANO &#8211; Nasomatto"},"content":{"rendered":"<div class=\"col-r\">\n<h3 class=\"h4\">Sestavine<\/h3>\n<pre class=\"h5\">Zgornje note: zelene note, konoplja<\/pre>\n<pre class=\"h5\">Bazne note: lesne note, smola, tobak<\/pre>\n<pre class=\"h5\">Sr\u010dne note: kadilo, agarovina<\/pre>\n<\/div>\n<p><strong>Sestava: INCI:<\/strong>\u00a0 Alcohol Denat, Parfum, Aqua, Triethyl Citrate, Cinnamal, D-Limonene, Citral, Linalool, Caumarin, Eugenol, Hydroxycitronellal, Butylphenyl Methylpropional, Alpha-Isomethyl Ionone<\/p>\n<p><strong>OPOZORILO:<\/strong>\u00a0Ni u\u017eitno, shranjujte stran od otrok<\/p>\n<p><strong>Datum uporabe:<\/strong>\u00a0natisnjen na deklaraciji parfuma<\/p>\n","protected":false},"excerpt":{"rendered":"<p>Parfum, ki vas ne bo pustil ravnodu\u0161ne! Je ekstravagantna di\u0161ava za mo\u0161ke in \u017eenske. Di\u0161ava je resni\u010dno izjemna in rahlo kontroverzna, ki prevzame zlasti najbolj zahtevne stranke, ki i\u0161\u010dejo resni\u010dno nekaj nenavadnega in nevsakdanjega.<\/p>\n","protected":false},"featured_media":27254,"template":"","meta":[],"product_brand":[],"product_cat":[221,731],"product_tag":[324,359],"class_list":{"0":"post-7849","1":"product","2":"type-product","3":"status-publish","4":"has-post-thumbnail","6":"product_cat-parfumi","7":"product_cat-unisex-parfumi","8":"product_tag-nasomatto","9":"product_tag-orientalski","10":"pa_kolicina-15ml","11":"pa_kolicina-30ml","12":"pa_kolicina-50ml","13":"pa_kolicina-100ml","15":"first","16":"instock","17":"shipping-taxable","18":"purchasable","19":"product-type-variable"},"aioseo_notices":[],"_links":{"self":[{"href":"https:\/\/unikatna-slovenija.si\/en\/wp-json\/wp\/v2\/product\/7849","targetHints":{"allow":["GET"]}}],"collection":[{"href":"https:\/\/unikatna-slovenija.si\/en\/wp-json\/wp\/v2\/product"}],"about":[{"href":"https:\/\/unikatna-slovenija.si\/en\/wp-json\/wp\/v2\/types\/product"}],"wp:featuredmedia":[{"embeddable":true,"href":"https:\/\/unikatna-slovenija.si\/en\/wp-json\/wp\/v2\/media\/27254"}],"wp:attachment":[{"href":"https:\/\/unikatna-slovenija.si\/en\/wp-json\/wp\/v2\/media?parent=7849"}],"wp:term":[{"taxonomy":"product_brand","embeddable":true,"href":"https:\/\/unikatna-slovenija.si\/en\/wp-json\/wp\/v2\/product_brand?post=7849"},{"taxonomy":"product_cat","embeddable":true,"href":"https:\/\/unikatna-slovenija.si\/en\/wp-json\/wp\/v2\/product_cat?post=7849"},{"taxonomy":"product_tag","embeddable":true,"href":"https:\/\/unikatna-slovenija.si\/en\/wp-json\/wp\/v2\/product_tag?post=7849"}],"curies":[{"name":"wp","href":"https:\/\/api.w.org\/{rel}","templated":true}]}}