{"id":7613,"date":"2019-08-16T12:00:00","date_gmt":"2019-08-16T11:00:00","guid":{"rendered":"http:\/\/unikatna-slovenija.si\/?post_type=product&#038;p=7613"},"modified":"2025-02-27T00:47:39","modified_gmt":"2025-02-26T23:47:39","slug":"ange-ou-demon-le-secret-givenchy","status":"publish","type":"product","link":"https:\/\/unikatna-slovenija.si\/en\/trgovina\/ange-ou-demon-le-secret-givenchy\/","title":{"rendered":"Ange ou Demon Le Secret &#8211; Givenchy"},"content":{"rendered":"<div class=\"col-r\">\n<h3 class=\"h4\">Sestavine<\/h3>\n<pre class=\"h5\">Zgornje note: brusnica, \u010daj, limona<\/pre>\n<pre class=\"h5\">Bazne note: beli mo\u0161us, pa\u010duli<\/pre>\n<pre class=\"h5\">Sr\u010dne note: lokvanj, potonika, jasmin<\/pre>\n<\/div>\n<p><strong>Sestava: INCI:<\/strong>\u00a0Alcohol Denat, Parfum, Aqua, Alergeny Citronellol, Iso Eugenol, Limonene, Linalool, Benzyl Salicylate<\/p>\n<p><strong>OPOZORILO:<\/strong>\u00a0Ni u\u017eitno, shranjujte stran od otrok<\/p>\n<p><strong>Datum uporabe:<\/strong>\u00a0natisnjen na deklaraciji parfuma<\/p>\n","protected":false},"excerpt":{"rendered":"<p>Je la\u017eja in bolj sve\u017ea razli\u010dica prvotnega parfuma Ange ou Demon. Odli\u010dna di\u0161ava bo zagotovo va\u0161a sopotnica vsak dan. Poizkusite presti\u017eni parfum, ki je skrivnosten, kot njegova uporabnica.<\/p>\n","protected":false},"featured_media":10683,"template":"","meta":[],"product_brand":[],"product_cat":[221,222],"product_tag":[356,258],"class_list":{"0":"post-7613","1":"product","2":"type-product","3":"status-publish","4":"has-post-thumbnail","6":"product_cat-parfumi","7":"product_cat-zenski-parfumi","8":"product_tag-cvetlicni","9":"product_tag-givenchy","11":"first","12":"instock","13":"featured","14":"shipping-taxable","15":"purchasable","16":"product-type-variable"},"aioseo_notices":[],"_links":{"self":[{"href":"https:\/\/unikatna-slovenija.si\/en\/wp-json\/wp\/v2\/product\/7613","targetHints":{"allow":["GET"]}}],"collection":[{"href":"https:\/\/unikatna-slovenija.si\/en\/wp-json\/wp\/v2\/product"}],"about":[{"href":"https:\/\/unikatna-slovenija.si\/en\/wp-json\/wp\/v2\/types\/product"}],"wp:featuredmedia":[{"embeddable":true,"href":"https:\/\/unikatna-slovenija.si\/en\/wp-json\/wp\/v2\/media\/10683"}],"wp:attachment":[{"href":"https:\/\/unikatna-slovenija.si\/en\/wp-json\/wp\/v2\/media?parent=7613"}],"wp:term":[{"taxonomy":"product_brand","embeddable":true,"href":"https:\/\/unikatna-slovenija.si\/en\/wp-json\/wp\/v2\/product_brand?post=7613"},{"taxonomy":"product_cat","embeddable":true,"href":"https:\/\/unikatna-slovenija.si\/en\/wp-json\/wp\/v2\/product_cat?post=7613"},{"taxonomy":"product_tag","embeddable":true,"href":"https:\/\/unikatna-slovenija.si\/en\/wp-json\/wp\/v2\/product_tag?post=7613"}],"curies":[{"name":"wp","href":"https:\/\/api.w.org\/{rel}","templated":true}]}}