{"id":7607,"date":"2019-08-16T11:52:09","date_gmt":"2019-08-16T10:52:09","guid":{"rendered":"http:\/\/unikatna-slovenija.si\/trgovina\/good-girl-carolina-herrera-copy\/"},"modified":"2025-02-27T00:47:39","modified_gmt":"2025-02-26T23:47:39","slug":"black-orchid-tom-ford","status":"publish","type":"product","link":"https:\/\/unikatna-slovenija.si\/en\/trgovina\/black-orchid-tom-ford\/","title":{"rendered":"Black Orchid &#8211; Tom Ford"},"content":{"rendered":"<p>Sestavine<\/p>\n<div class=\"col-r\">\n<pre class=\"h5\">Zgornje note: bergamotka, ribez, tartuf, ylang ylang<\/pre>\n<pre class=\"h5\">Bazne note: \u010dokolada, kadilo, pa\u010duli, sandalovina, vanilija, vetiver<\/pre>\n<pre class=\"h5\">Sr\u010dne note: lotos, orhideja, sadne note<\/pre>\n<\/div>\n<p><strong>Sestava: INCI:\u00a0<\/strong>Alcohol Denat, Parfum, Aqua, Triethyl Citrate, Benzyl Salicylate, D-Limonene, Linalool, Alpha-Isomethyl Ionone<\/p>\n<p><strong>OPOZORILO:<\/strong>\u00a0Ni u\u017eitno, shranjujte stran od otrok<\/p>\n<p><strong>Datum uporabe:<\/strong>\u00a0natisnjen na deklaraciji parfuma<\/p>\n","protected":false},"excerpt":{"rendered":"<p>Black Orchid je edinstvena in magi\u010dna zdru\u017eitev orientalskih vonjev, ki v vsaki \u017eenski prebudi elegantno, prefinjeno damo. Svilnato lahkost dodaja parfumu mle\u010dna \u010dokolada s sladko vanilijo.<\/p>\n","protected":false},"featured_media":10683,"template":"","meta":[],"product_brand":[],"product_cat":[221,222],"product_tag":[356,359,269],"class_list":{"0":"post-7607","1":"product","2":"type-product","3":"status-publish","4":"has-post-thumbnail","6":"product_cat-parfumi","7":"product_cat-zenski-parfumi","8":"product_tag-cvetlicni","9":"product_tag-orientalski","10":"product_tag-tom-ford","12":"first","13":"instock","14":"shipping-taxable","15":"purchasable","16":"product-type-variable"},"aioseo_notices":[],"_links":{"self":[{"href":"https:\/\/unikatna-slovenija.si\/en\/wp-json\/wp\/v2\/product\/7607","targetHints":{"allow":["GET"]}}],"collection":[{"href":"https:\/\/unikatna-slovenija.si\/en\/wp-json\/wp\/v2\/product"}],"about":[{"href":"https:\/\/unikatna-slovenija.si\/en\/wp-json\/wp\/v2\/types\/product"}],"wp:featuredmedia":[{"embeddable":true,"href":"https:\/\/unikatna-slovenija.si\/en\/wp-json\/wp\/v2\/media\/10683"}],"wp:attachment":[{"href":"https:\/\/unikatna-slovenija.si\/en\/wp-json\/wp\/v2\/media?parent=7607"}],"wp:term":[{"taxonomy":"product_brand","embeddable":true,"href":"https:\/\/unikatna-slovenija.si\/en\/wp-json\/wp\/v2\/product_brand?post=7607"},{"taxonomy":"product_cat","embeddable":true,"href":"https:\/\/unikatna-slovenija.si\/en\/wp-json\/wp\/v2\/product_cat?post=7607"},{"taxonomy":"product_tag","embeddable":true,"href":"https:\/\/unikatna-slovenija.si\/en\/wp-json\/wp\/v2\/product_tag?post=7607"}],"curies":[{"name":"wp","href":"https:\/\/api.w.org\/{rel}","templated":true}]}}