{"id":6523,"date":"2019-04-04T10:31:11","date_gmt":"2019-04-04T09:31:11","guid":{"rendered":"http:\/\/unikatna-slovenija.si\/trgovina\/pure-xs-paco-rabanne-2-copy\/"},"modified":"2025-02-27T00:47:11","modified_gmt":"2025-02-26T23:47:11","slug":"linterdit-givenchy","status":"publish","type":"product","link":"https:\/\/unikatna-slovenija.si\/en\/trgovina\/linterdit-givenchy\/","title":{"rendered":"L&#8217;interdit &#8211; Givenchy"},"content":{"rendered":"<div class=\"col-r\">\n<h3 class=\"h4\">Sestavine<\/h3>\n<pre class=\"h5\">Zgornje note: bergamotka, \u010de\u0161nja, hru\u0161ka<\/pre>\n<pre class=\"h5\">Bazne note: ambroksan, karamela, pa\u010duli, vanilija, vetiver<\/pre>\n<pre class=\"h5\">Sr\u010dne note: pomaran\u010dni cvet, jasmin, tuberoza<\/pre>\n<\/div>\n<p><strong>Sestava: INCI:<\/strong>\u00a0Alcohol Denat, Parfum, Aqua, Alergeny Citronellol, Iso Eugenol, Limonene, Linalool, Benzyl Salicylate<\/p>\n<p><strong>OPOZORILO:<\/strong>\u00a0Ni u\u017eitno, shranjujte stran od otrok<\/p>\n<p><strong>Datum uporabe:<\/strong>\u00a0natisnjen na deklaraciji parfuma<\/p>\n","protected":false},"excerpt":{"rendered":"<p>Odli\u010dna di\u0161ava L\u2019Interdit \u010dasti \u017eenski pogum. To je prava izbira za \u017eenske, ki se ne bojijo ru\u0161iti pravil in se upreti ustaljenim konvencijam.<\/p>\n","protected":false},"featured_media":10683,"template":"","meta":[],"product_brand":[],"product_cat":[221,222],"product_tag":[356,258,359],"class_list":{"0":"post-6523","1":"product","2":"type-product","3":"status-publish","4":"has-post-thumbnail","6":"product_cat-parfumi","7":"product_cat-zenski-parfumi","8":"product_tag-cvetlicni","9":"product_tag-givenchy","10":"product_tag-orientalski","12":"first","13":"instock","14":"featured","15":"shipping-taxable","16":"purchasable","17":"product-type-variable"},"aioseo_notices":[],"_links":{"self":[{"href":"https:\/\/unikatna-slovenija.si\/en\/wp-json\/wp\/v2\/product\/6523","targetHints":{"allow":["GET"]}}],"collection":[{"href":"https:\/\/unikatna-slovenija.si\/en\/wp-json\/wp\/v2\/product"}],"about":[{"href":"https:\/\/unikatna-slovenija.si\/en\/wp-json\/wp\/v2\/types\/product"}],"wp:featuredmedia":[{"embeddable":true,"href":"https:\/\/unikatna-slovenija.si\/en\/wp-json\/wp\/v2\/media\/10683"}],"wp:attachment":[{"href":"https:\/\/unikatna-slovenija.si\/en\/wp-json\/wp\/v2\/media?parent=6523"}],"wp:term":[{"taxonomy":"product_brand","embeddable":true,"href":"https:\/\/unikatna-slovenija.si\/en\/wp-json\/wp\/v2\/product_brand?post=6523"},{"taxonomy":"product_cat","embeddable":true,"href":"https:\/\/unikatna-slovenija.si\/en\/wp-json\/wp\/v2\/product_cat?post=6523"},{"taxonomy":"product_tag","embeddable":true,"href":"https:\/\/unikatna-slovenija.si\/en\/wp-json\/wp\/v2\/product_tag?post=6523"}],"curies":[{"name":"wp","href":"https:\/\/api.w.org\/{rel}","templated":true}]}}