{"id":6360,"date":"2018-12-27T17:53:10","date_gmt":"2018-12-27T17:53:10","guid":{"rendered":"http:\/\/unikatna-slovenija.si\/?post_type=product&#038;p=6360"},"modified":"2019-06-03T06:58:53","modified_gmt":"2019-06-03T06:58:53","slug":"torbica-metal","status":"publish","type":"product","link":"https:\/\/unikatna-slovenija.si\/en\/trgovina\/torbica-metal\/","title":{"rendered":"Torbica &#8220;Metal&#8221;"},"content":{"rendered":"<h2>Torbica \u02ddMetal\u02dd &#8211; \u017dT 28<\/h2>\n<p>Nahrbtnik je izdelan iz umetnega materiala.<\/p>\n<p>Proizvedeno v Bosni in Hercegovini.<\/p>\n<p>#notfromchina<\/p>\n<p><strong>Ekskluzivna garancija na zadovoljstvo: prvi in edini v Sloveniji vam ponujamo kar 90 DNEVNO GARANCIJO na fizi\u010dne po\u0161kodbe (tak\u0161en izdelek bo dvignil tvojo samozavest in avtomatsko se bo\u0161 po\u010dutila bolje). Kar bo opazil vsak mo\u0161ki&#8230;\u00a0<\/strong><\/p>\n","protected":false},"excerpt":{"rendered":"<p>Torbica \u02ddMetal\u02dd &#8211; \u017dT 28 Nahrbtnik je izdelan iz umetnega materiala. Proizvedeno v Bosni in Hercegovini. #notfromchina Ekskluzivna garancija na zadovoljstvo: prvi in edini v Sloveniji vam ponujamo kar 90 DNEVNO GARANCIJO na fizi\u010dne po\u0161kodbe (tak\u0161en izdelek bo dvignil tvojo samozavest in avtomatsko se bo\u0161 po\u010dutila bolje). Kar bo opazil vsak mo\u0161ki&#8230;\u00a0<\/p>\n","protected":false},"featured_media":6462,"template":"","meta":[],"product_brand":[],"product_cat":[281],"product_tag":[],"class_list":{"0":"post-6360","1":"product","2":"type-product","3":"status-publish","4":"has-post-thumbnail","6":"product_cat-torbe","8":"first","9":"instock","10":"sale","11":"shipping-taxable","12":"purchasable","13":"product-type-simple"},"aioseo_notices":[],"_links":{"self":[{"href":"https:\/\/unikatna-slovenija.si\/en\/wp-json\/wp\/v2\/product\/6360","targetHints":{"allow":["GET"]}}],"collection":[{"href":"https:\/\/unikatna-slovenija.si\/en\/wp-json\/wp\/v2\/product"}],"about":[{"href":"https:\/\/unikatna-slovenija.si\/en\/wp-json\/wp\/v2\/types\/product"}],"wp:featuredmedia":[{"embeddable":true,"href":"https:\/\/unikatna-slovenija.si\/en\/wp-json\/wp\/v2\/media\/6462"}],"wp:attachment":[{"href":"https:\/\/unikatna-slovenija.si\/en\/wp-json\/wp\/v2\/media?parent=6360"}],"wp:term":[{"taxonomy":"product_brand","embeddable":true,"href":"https:\/\/unikatna-slovenija.si\/en\/wp-json\/wp\/v2\/product_brand?post=6360"},{"taxonomy":"product_cat","embeddable":true,"href":"https:\/\/unikatna-slovenija.si\/en\/wp-json\/wp\/v2\/product_cat?post=6360"},{"taxonomy":"product_tag","embeddable":true,"href":"https:\/\/unikatna-slovenija.si\/en\/wp-json\/wp\/v2\/product_tag?post=6360"}],"curies":[{"name":"wp","href":"https:\/\/api.w.org\/{rel}","templated":true}]}}