{"id":6238,"date":"2018-09-03T14:44:21","date_gmt":"2018-09-03T13:44:21","guid":{"rendered":"http:\/\/unikatna-slovenija.si\/?post_type=product&#038;p=6238"},"modified":"2025-02-27T00:47:00","modified_gmt":"2025-02-26T23:47:00","slug":"the-one-dg-zenski","status":"publish","type":"product","link":"https:\/\/unikatna-slovenija.si\/en\/trgovina\/the-one-dg-zenski\/","title":{"rendered":"THE ONE &#8211; D&#038;G"},"content":{"rendered":"<div class=\"col-r\">\n<h3 class=\"h4\">Sestavine<\/h3>\n<pre class=\"h5\">Zgornje note: mandarina, li\u010di, akord sonca, breskev, bergamotka<\/pre>\n<pre class=\"h5\">Bazne note: sadje, jasmin, \u0161marnica, sliva, lilija<\/pre>\n<pre class=\"h5\">Sr\u010dne note: mah, mo\u0161us, vetiver, ambra<\/pre>\n<\/div>\n<p>&nbsp;<\/p>\n<p><strong>Sestava: INCI:<\/strong>\u00a0Alcohol Denat, Parfum, Benzyl Salicylate, Aqua, Triethyl Citrate, Citral, Citronellol, Geraniol, Hexyl Cinnamal, Hydroxy Citronellal, Hydroxyisohexyl 3-Cyclohexene Carboxaldehyde, D-Limonene, Linalool, Butylphenyl Methylpropional<\/p>\n<p><strong>OPOZORILO:<\/strong>\u00a0Ni u\u017eitno, shranjujte stran od otrok<\/p>\n<p><strong>Datum uporabe:<\/strong>\u00a0natisnjen na deklaraciji parfuma<\/p>\n","protected":false},"excerpt":{"rendered":"<p>The One &#8211; D&amp;G je sve\u017ea orientalska di\u0161ava za vsako \u017eensko, ki hrepeni po spremembah. Razvajajte va\u0161e \u010dute z edinstvenim sadjem iz celega sveta. Postanite nevzdr\u017ena in zapeljiva. Odvrzite predsodke in postanite nekdo drug. \u010cutnost in seksapil vam daje izjemno \u017eenstvena di\u0161ava The One.<\/p>\n","protected":false},"featured_media":10683,"template":"","meta":[],"product_brand":[],"product_cat":[221,222],"product_tag":[356,234,359],"class_list":{"0":"post-6238","1":"product","2":"type-product","3":"status-publish","4":"has-post-thumbnail","6":"product_cat-parfumi","7":"product_cat-zenski-parfumi","8":"product_tag-cvetlicni","9":"product_tag-dg","10":"product_tag-orientalski","12":"first","13":"instock","14":"shipping-taxable","15":"purchasable","16":"product-type-variable"},"aioseo_notices":[],"_links":{"self":[{"href":"https:\/\/unikatna-slovenija.si\/en\/wp-json\/wp\/v2\/product\/6238","targetHints":{"allow":["GET"]}}],"collection":[{"href":"https:\/\/unikatna-slovenija.si\/en\/wp-json\/wp\/v2\/product"}],"about":[{"href":"https:\/\/unikatna-slovenija.si\/en\/wp-json\/wp\/v2\/types\/product"}],"wp:featuredmedia":[{"embeddable":true,"href":"https:\/\/unikatna-slovenija.si\/en\/wp-json\/wp\/v2\/media\/10683"}],"wp:attachment":[{"href":"https:\/\/unikatna-slovenija.si\/en\/wp-json\/wp\/v2\/media?parent=6238"}],"wp:term":[{"taxonomy":"product_brand","embeddable":true,"href":"https:\/\/unikatna-slovenija.si\/en\/wp-json\/wp\/v2\/product_brand?post=6238"},{"taxonomy":"product_cat","embeddable":true,"href":"https:\/\/unikatna-slovenija.si\/en\/wp-json\/wp\/v2\/product_cat?post=6238"},{"taxonomy":"product_tag","embeddable":true,"href":"https:\/\/unikatna-slovenija.si\/en\/wp-json\/wp\/v2\/product_tag?post=6238"}],"curies":[{"name":"wp","href":"https:\/\/api.w.org\/{rel}","templated":true}]}}