{"id":6232,"date":"2018-09-03T13:59:55","date_gmt":"2018-09-03T12:59:55","guid":{"rendered":"http:\/\/unikatna-slovenija.si\/?post_type=product&#038;p=6232"},"modified":"2025-02-27T00:47:00","modified_gmt":"2025-02-26T23:47:00","slug":"love-story-chloe","status":"publish","type":"product","link":"https:\/\/unikatna-slovenija.si\/en\/trgovina\/love-story-chloe\/","title":{"rendered":"LOVE STORY &#8211; Chloe"},"content":{"rendered":"<div class=\"col-r\">\n<h3 class=\"h4\">Sestavine<\/h3>\n<pre class=\"h5\">Zgornje note: neroli<\/pre>\n<pre class=\"h5\">Bazne note: cvet pomaran\u010devca, jasmin iz Madagaskarja<\/pre>\n<pre class=\"h5\">Sr\u010dne note: mo\u0161us, cedra<\/pre>\n<\/div>\n<p>&nbsp;<\/p>\n<p><strong>Sestava: INCI:<\/strong> Alcohol Denat, Parfum, Benzyl Salicylate, Butylphenyl Methylpropional, Hydroxyisohexyl 3-Cyclohexene Carboxaldehyde, Alpha-Isomethyl Ionone, Aqua, Triethyl Citrate, Citronellol, Geraniol<\/p>\n<p><strong>OPOZORILO:<\/strong>\u00a0Ni u\u017eitno, shranjujte stran od otrok<\/p>\n<p><strong>Datum uporabe:<\/strong>\u00a0natisnjen na deklaraciji parfuma<\/p>\n","protected":false},"excerpt":{"rendered":"<p>Love Story &#8211; Chloe je inspiracija romantike in mesta ljubezni-Pariza. \u0160e ena sladko cvetli\u010dna di\u0161ava, ki tokrat izvira iz cveta pomaran\u010de. Vonj je sve\u017ee &#8211; sladkast, z notami cveta pomaran\u010de, jasmina z Madagaskarja in Nerolija. Romantika &#8211; to je prava beseda za parfum Love Story. Di\u0161ava je odli\u010dna izbira za vsakodnevno no\u0161enje.<\/p>\n","protected":false},"featured_media":10683,"template":"","meta":[],"product_brand":[],"product_cat":[221,222],"product_tag":[257,356],"class_list":{"0":"post-6232","1":"product","2":"type-product","3":"status-publish","4":"has-post-thumbnail","6":"product_cat-parfumi","7":"product_cat-zenski-parfumi","8":"product_tag-chloe","9":"product_tag-cvetlicni","11":"first","12":"instock","13":"featured","14":"shipping-taxable","15":"purchasable","16":"product-type-variable"},"aioseo_notices":[],"_links":{"self":[{"href":"https:\/\/unikatna-slovenija.si\/en\/wp-json\/wp\/v2\/product\/6232","targetHints":{"allow":["GET"]}}],"collection":[{"href":"https:\/\/unikatna-slovenija.si\/en\/wp-json\/wp\/v2\/product"}],"about":[{"href":"https:\/\/unikatna-slovenija.si\/en\/wp-json\/wp\/v2\/types\/product"}],"wp:featuredmedia":[{"embeddable":true,"href":"https:\/\/unikatna-slovenija.si\/en\/wp-json\/wp\/v2\/media\/10683"}],"wp:attachment":[{"href":"https:\/\/unikatna-slovenija.si\/en\/wp-json\/wp\/v2\/media?parent=6232"}],"wp:term":[{"taxonomy":"product_brand","embeddable":true,"href":"https:\/\/unikatna-slovenija.si\/en\/wp-json\/wp\/v2\/product_brand?post=6232"},{"taxonomy":"product_cat","embeddable":true,"href":"https:\/\/unikatna-slovenija.si\/en\/wp-json\/wp\/v2\/product_cat?post=6232"},{"taxonomy":"product_tag","embeddable":true,"href":"https:\/\/unikatna-slovenija.si\/en\/wp-json\/wp\/v2\/product_tag?post=6232"}],"curies":[{"name":"wp","href":"https:\/\/api.w.org\/{rel}","templated":true}]}}