{"id":6194,"date":"2018-07-20T13:05:19","date_gmt":"2018-07-20T12:05:19","guid":{"rendered":"http:\/\/unikatna-slovenija.si\/?post_type=product&#038;p=6194"},"modified":"2025-02-27T00:47:00","modified_gmt":"2025-02-26T23:47:00","slug":"nomade-chloe","status":"publish","type":"product","link":"https:\/\/unikatna-slovenija.si\/en\/trgovina\/nomade-chloe\/","title":{"rendered":"NOMADE &#8211; Chloe"},"content":{"rendered":"<div class=\"col-r\"><\/div>\n<div class=\"col-r\">\n<h3 class=\"h4\">Sestavine<\/h3>\n<pre class=\"h5\">Zgornje note: frezija<\/pre>\n<pre class=\"h5\">Bazne note: hrastov mah<\/pre>\n<pre class=\"h5\">Sr\u010dne note: mirabela<\/pre>\n<\/div>\n<p>&nbsp;<\/p>\n<p><strong>Sestava: INCI:<\/strong> Alcohol Denat, Parfum, Hydroxyisohexyl 3\u2013Cyclohexene Carboxaldehyde, Butylphenyl Methylpropional, Benzyl Salicylate, Hydroxy Citronellal, Hexyl Cinnamal, Aqua, Triethyl Citrate, Citronellol, D-Limonene, Linalool, Alpha-Isomethyl Ionone<\/p>\n<p><strong>OPOZORILO:<\/strong>\u00a0Ni u\u017eitno, shranjujte stran od otrok<\/p>\n<p><strong>Datum uporabe:<\/strong>\u00a0natisnjen na deklaraciji parfuma<\/p>\n","protected":false},"excerpt":{"rendered":"<p>Bohemska, samosvoja, pustolovska in nepozabna \u2013 tak\u0161na je parfumska voda Chlo\u00e9 Nomade. Tudi vi se odpravite na skrivnostno pot, kjer boste odkrili \u0161e neraziskana obzorja. Nomade je nova razlaga \u017eenskosti, kombinacije mo\u010di in ne\u017enosti, svobode in ljubezni, za odkrivanje sveta v vseh njegovih oblikah. Di\u0161ava, ki je ustvarjena za neodvisno \u017eensko, je pri\u0161la na trg leta 2018.<\/p>\n","protected":false},"featured_media":10683,"template":"","meta":[],"product_brand":[],"product_cat":[221,222],"product_tag":[257,356],"class_list":{"0":"post-6194","1":"product","2":"type-product","3":"status-publish","4":"has-post-thumbnail","6":"product_cat-parfumi","7":"product_cat-zenski-parfumi","8":"product_tag-chloe","9":"product_tag-cvetlicni","11":"first","12":"instock","13":"shipping-taxable","14":"purchasable","15":"product-type-variable"},"aioseo_notices":[],"_links":{"self":[{"href":"https:\/\/unikatna-slovenija.si\/en\/wp-json\/wp\/v2\/product\/6194","targetHints":{"allow":["GET"]}}],"collection":[{"href":"https:\/\/unikatna-slovenija.si\/en\/wp-json\/wp\/v2\/product"}],"about":[{"href":"https:\/\/unikatna-slovenija.si\/en\/wp-json\/wp\/v2\/types\/product"}],"wp:featuredmedia":[{"embeddable":true,"href":"https:\/\/unikatna-slovenija.si\/en\/wp-json\/wp\/v2\/media\/10683"}],"wp:attachment":[{"href":"https:\/\/unikatna-slovenija.si\/en\/wp-json\/wp\/v2\/media?parent=6194"}],"wp:term":[{"taxonomy":"product_brand","embeddable":true,"href":"https:\/\/unikatna-slovenija.si\/en\/wp-json\/wp\/v2\/product_brand?post=6194"},{"taxonomy":"product_cat","embeddable":true,"href":"https:\/\/unikatna-slovenija.si\/en\/wp-json\/wp\/v2\/product_cat?post=6194"},{"taxonomy":"product_tag","embeddable":true,"href":"https:\/\/unikatna-slovenija.si\/en\/wp-json\/wp\/v2\/product_tag?post=6194"}],"curies":[{"name":"wp","href":"https:\/\/api.w.org\/{rel}","templated":true}]}}