{"id":6179,"date":"2018-07-20T12:55:40","date_gmt":"2018-07-20T11:55:40","guid":{"rendered":"http:\/\/unikatna-slovenija.si\/?post_type=product&#038;p=6179"},"modified":"2025-02-27T00:46:47","modified_gmt":"2025-02-26T23:46:47","slug":"la-vie-est-belle-leclat-lancome","status":"publish","type":"product","link":"https:\/\/unikatna-slovenija.si\/en\/trgovina\/la-vie-est-belle-leclat-lancome\/","title":{"rendered":"La Vie Est Belle L&#8217;ECLAT &#8211; Lancome"},"content":{"rendered":"<h3 class=\"h4\">Sestavine<\/h3>\n<pre class=\"h5\">Zgornje note: bergamotka<\/pre>\n<pre class=\"h5\">Bazne note: pomaran\u010dni cvet, belo cvetje<\/pre>\n<pre class=\"h5\">Sr\u010dne note: vanilija, sandalovina<\/pre>\n<p><strong>Sestava: INCI:<\/strong>\u00a0Alcohol Denat, Parfum, Aqua, Triethy Citrate, Citral, Citronellol, Coumarin, Geraniol, Hydroxyisohexyl 3-Cyclohexene Carboxaldehyde, D-Limonene, Linalool, Butylphenyl Methylpropional<\/p>\n<p><strong>OPOZORILO:<\/strong>\u00a0Ni u\u017eitno, shranjujte stran od otrok<\/p>\n<p><strong>Datum uporabe:<\/strong>\u00a0natisnjen na deklaraciji parfuma<\/p>\n","protected":false},"excerpt":{"rendered":"<p>Parfum La Vie Est Belle L&#8217;Eclat presene\u010da s cvetli\u010dno sve\u017eino, ki je kot razko\u0161en \u0161opek citrusnih, gurmanskih in povsem opojnih not. Odli\u010dna di\u0161ava odra\u017ea poudarjen optimizem in \u017eenskost vseh razli\u010dic La Vie Est Belle.<\/p>\n","protected":false},"featured_media":10683,"template":"","meta":[],"product_brand":[],"product_cat":[221,222],"product_tag":[356,248,359],"class_list":{"0":"post-6179","1":"product","2":"type-product","3":"status-publish","4":"has-post-thumbnail","6":"product_cat-parfumi","7":"product_cat-zenski-parfumi","8":"product_tag-cvetlicni","9":"product_tag-lancome","10":"product_tag-orientalski","12":"first","13":"instock","14":"shipping-taxable","15":"purchasable","16":"product-type-variable"},"aioseo_notices":[],"_links":{"self":[{"href":"https:\/\/unikatna-slovenija.si\/en\/wp-json\/wp\/v2\/product\/6179","targetHints":{"allow":["GET"]}}],"collection":[{"href":"https:\/\/unikatna-slovenija.si\/en\/wp-json\/wp\/v2\/product"}],"about":[{"href":"https:\/\/unikatna-slovenija.si\/en\/wp-json\/wp\/v2\/types\/product"}],"wp:featuredmedia":[{"embeddable":true,"href":"https:\/\/unikatna-slovenija.si\/en\/wp-json\/wp\/v2\/media\/10683"}],"wp:attachment":[{"href":"https:\/\/unikatna-slovenija.si\/en\/wp-json\/wp\/v2\/media?parent=6179"}],"wp:term":[{"taxonomy":"product_brand","embeddable":true,"href":"https:\/\/unikatna-slovenija.si\/en\/wp-json\/wp\/v2\/product_brand?post=6179"},{"taxonomy":"product_cat","embeddable":true,"href":"https:\/\/unikatna-slovenija.si\/en\/wp-json\/wp\/v2\/product_cat?post=6179"},{"taxonomy":"product_tag","embeddable":true,"href":"https:\/\/unikatna-slovenija.si\/en\/wp-json\/wp\/v2\/product_tag?post=6179"}],"curies":[{"name":"wp","href":"https:\/\/api.w.org\/{rel}","templated":true}]}}