{"id":6044,"date":"2018-06-24T14:30:23","date_gmt":"2018-06-24T14:30:23","guid":{"rendered":"http:\/\/unikatna-slovenija.si\/?post_type=product&#038;p=6044"},"modified":"2018-07-07T15:02:53","modified_gmt":"2018-07-07T15:02:53","slug":"lesena-ogrlica-3d-kvadrati","status":"publish","type":"product","link":"https:\/\/unikatna-slovenija.si\/en\/trgovina\/lesena-ogrlica-3d-kvadrati\/","title":{"rendered":"Lesena ogrlica 3D kvadrati"},"content":{"rendered":"","protected":false},"excerpt":{"rendered":"<p>Izgled 3D, les in preproste oblike &#8211; SUPER MODNI KOS<\/p>\n<p>Ogrlica je narejena iz lepljenega lesa debeline 5 mm (ameri\u0161ki oreh). Je lasersko rezana, ro\u010dno bru\u0161ena in oljena z naravnim organskim oljem.<\/p>\n<p>Leseni del ogrlice je \u0161irok 10,1 cm, celotna ogrlica je dol\u017eine 47 cm. Kovina ne vsebuje niklja.<\/p>\n<p>Zapakirana je v \u0161katlici iz 100% recikliranega papirja.<\/p>\n","protected":false},"featured_media":6045,"template":"","meta":[],"product_brand":[],"product_cat":[266,264],"product_tag":[],"class_list":{"0":"post-6044","1":"product","2":"type-product","3":"status-publish","4":"has-post-thumbnail","6":"product_cat-lesene-ogrlice","7":"product_cat-leseni-nakit","9":"first","10":"instock","11":"featured","12":"shipping-taxable","13":"purchasable","14":"product-type-simple"},"aioseo_notices":[],"_links":{"self":[{"href":"https:\/\/unikatna-slovenija.si\/en\/wp-json\/wp\/v2\/product\/6044","targetHints":{"allow":["GET"]}}],"collection":[{"href":"https:\/\/unikatna-slovenija.si\/en\/wp-json\/wp\/v2\/product"}],"about":[{"href":"https:\/\/unikatna-slovenija.si\/en\/wp-json\/wp\/v2\/types\/product"}],"wp:featuredmedia":[{"embeddable":true,"href":"https:\/\/unikatna-slovenija.si\/en\/wp-json\/wp\/v2\/media\/6045"}],"wp:attachment":[{"href":"https:\/\/unikatna-slovenija.si\/en\/wp-json\/wp\/v2\/media?parent=6044"}],"wp:term":[{"taxonomy":"product_brand","embeddable":true,"href":"https:\/\/unikatna-slovenija.si\/en\/wp-json\/wp\/v2\/product_brand?post=6044"},{"taxonomy":"product_cat","embeddable":true,"href":"https:\/\/unikatna-slovenija.si\/en\/wp-json\/wp\/v2\/product_cat?post=6044"},{"taxonomy":"product_tag","embeddable":true,"href":"https:\/\/unikatna-slovenija.si\/en\/wp-json\/wp\/v2\/product_tag?post=6044"}],"curies":[{"name":"wp","href":"https:\/\/api.w.org\/{rel}","templated":true}]}}