{"id":5892,"date":"2018-05-25T01:00:00","date_gmt":"2018-05-25T00:00:00","guid":{"rendered":"http:\/\/http:\/\/unikatna-slovenija.si\/product\/eternity-calvin-klein\/"},"modified":"2025-02-27T00:46:33","modified_gmt":"2025-02-26T23:46:33","slug":"eternity-lacoste","status":"publish","type":"product","link":"https:\/\/unikatna-slovenija.si\/en\/trgovina\/eternity-lacoste\/","title":{"rendered":"ETERNITY &#8211; Lacoste"},"content":{"rendered":"<p>Sestavine<\/p>\n<div class=\"col-r\">\n<pre class=\"h5\">Zgornje note: frezija, zelene note, \u017eajbelj, citrusi, mandarina<\/pre>\n<pre class=\"h5\">Bazne note: lilija, vrtnica, \u0161marnica, jasmin, nagelj, ognji\u010d, vijolica, narcisa<\/pre>\n<pre class=\"h5\">Sr\u010dne note: pa\u010duli, sandalovina, heliotrop, jantar, mo\u0161us\n\n<\/pre>\n<\/div>\n<p><strong>Sestava: INCI:<\/strong>\u00a0Alcohol Denat, Parfum, Benzyl Salicylate, Buthylphenyl Methylpropional, Aqua, Triethyl Citrate, Cinnamyl Alcohol, Citronellol, Eugenol, Geraniol, Hydroxy Citronellal, Hydroxyisohexyl 3-Cyclohexene Carboxaldehyde, Isoeugenol, Linalool<\/p>\n<p><strong>OPOZORILO:<\/strong>\u00a0Ni u\u017eitno, shranjujte stran od otrok<\/p>\n<p><strong>Datum uporabe:<\/strong>\u00a0natisnjen na deklaraciji parfuma<\/p>\n","protected":false},"excerpt":{"rendered":"<p>Kot roke polne cvetov, tako di\u0161i parfum Eternity &#8211; Calvin Klein. Zavijte se v romanti\u010dne tone in poka\u017eite svojo \u010dutnost. Edinstvena kombinacija \u0161marnice, vrtnice, lilije in jasmina prikli\u010de vsaki \u017eenski nekaj posebnega. Parfum je bil ustvarjen kot dokaz ljubezni. Je praznovanje ne\u017enosti in povezanosti med mo\u0161kim in \u017eensko. Vonj je kot nala\u0161\u010d za elegantno \u017eensko, ki se ne boji pokazati svojo romanti\u010dno du\u0161o. Parfum je zaradi sestave primeren za celoletno no\u0161enje.<\/p>\n","protected":false},"featured_media":10683,"template":"","meta":[],"product_brand":[],"product_cat":[221,222],"product_tag":[356,223],"class_list":{"0":"post-5892","1":"product","2":"type-product","3":"status-publish","4":"has-post-thumbnail","6":"product_cat-parfumi","7":"product_cat-zenski-parfumi","8":"product_tag-cvetlicni","9":"product_tag-lacoste","11":"first","12":"outofstock","13":"shipping-taxable","14":"purchasable","15":"product-type-variable"},"aioseo_notices":[],"_links":{"self":[{"href":"https:\/\/unikatna-slovenija.si\/en\/wp-json\/wp\/v2\/product\/5892","targetHints":{"allow":["GET"]}}],"collection":[{"href":"https:\/\/unikatna-slovenija.si\/en\/wp-json\/wp\/v2\/product"}],"about":[{"href":"https:\/\/unikatna-slovenija.si\/en\/wp-json\/wp\/v2\/types\/product"}],"wp:featuredmedia":[{"embeddable":true,"href":"https:\/\/unikatna-slovenija.si\/en\/wp-json\/wp\/v2\/media\/10683"}],"wp:attachment":[{"href":"https:\/\/unikatna-slovenija.si\/en\/wp-json\/wp\/v2\/media?parent=5892"}],"wp:term":[{"taxonomy":"product_brand","embeddable":true,"href":"https:\/\/unikatna-slovenija.si\/en\/wp-json\/wp\/v2\/product_brand?post=5892"},{"taxonomy":"product_cat","embeddable":true,"href":"https:\/\/unikatna-slovenija.si\/en\/wp-json\/wp\/v2\/product_cat?post=5892"},{"taxonomy":"product_tag","embeddable":true,"href":"https:\/\/unikatna-slovenija.si\/en\/wp-json\/wp\/v2\/product_tag?post=5892"}],"curies":[{"name":"wp","href":"https:\/\/api.w.org\/{rel}","templated":true}]}}