{"id":5887,"date":"2018-04-16T01:00:00","date_gmt":"2018-04-16T00:00:00","guid":{"rendered":"http:\/\/http:\/\/unikatna-slovenija.si\/product\/ocean-lounge-escada\/"},"modified":"2025-02-27T00:46:22","modified_gmt":"2025-02-26T23:46:22","slug":"ocean-lounge-escada","status":"publish","type":"product","link":"https:\/\/unikatna-slovenija.si\/en\/trgovina\/ocean-lounge-escada\/","title":{"rendered":"OCEAN LOUNGE &#8211; Escada"},"content":{"rendered":"<p>Sestavine<\/p>\n<div class=\"col-r\">\n<pre class=\"h5\">Zgornje note: li\u010di, sliva, jagoda, hru\u0161ka<\/pre>\n<pre class=\"h5\">Bazne note: vijolica, mimoza, jasmin<\/pre>\n<pre class=\"h5\">Sr\u010dne note: amber, vanilija, tikov les\n\n\n\n<\/pre>\n<\/div>\n<p><strong>Sestava: INCI:<\/strong>\u00a0Alcohol Denat, Parfum, Aqua, Alergeny Citral, Eugenol, Farnesol, Isoeugenol, Lilial, Limonene, Linalol, Lyral<\/p>\n<p><strong>OPOZORILO:<\/strong>\u00a0Ni u\u017eitno, shranjujte stran od otrok<\/p>\n<p><strong>Datum uporabe:<\/strong>\u00a0natisnjen na deklaraciji parfuma<\/p>\n","protected":false},"excerpt":{"rendered":"<p>Ocean Lounge &#8211; Escada je poletna zelo sladka cvetno &#8211; sadna di\u0161ava z o\u010darljivim vonjem, ki mu je uspelo ujeti brezskrben trenutek poletja. Njen nastanek je navdihnil \u010daroben poletni dopustni\u0161ki trenutek, ko se pozno popoldansko sonce vda in prepusti mesto zabavi nabiti s \u010dutnostjo. V di\u0161avi Ocean Lounge se prepletajo bogati sadni in cvetli\u010dni toni.<\/p>\n","protected":false},"featured_media":10683,"template":"","meta":[],"product_brand":[],"product_cat":[221,222],"product_tag":[356,250],"class_list":{"0":"post-5887","1":"product","2":"type-product","3":"status-publish","4":"has-post-thumbnail","6":"product_cat-parfumi","7":"product_cat-zenski-parfumi","8":"product_tag-cvetlicni","9":"product_tag-escada","11":"first","12":"instock","13":"shipping-taxable","14":"purchasable","15":"product-type-variable"},"aioseo_notices":[],"_links":{"self":[{"href":"https:\/\/unikatna-slovenija.si\/en\/wp-json\/wp\/v2\/product\/5887","targetHints":{"allow":["GET"]}}],"collection":[{"href":"https:\/\/unikatna-slovenija.si\/en\/wp-json\/wp\/v2\/product"}],"about":[{"href":"https:\/\/unikatna-slovenija.si\/en\/wp-json\/wp\/v2\/types\/product"}],"wp:featuredmedia":[{"embeddable":true,"href":"https:\/\/unikatna-slovenija.si\/en\/wp-json\/wp\/v2\/media\/10683"}],"wp:attachment":[{"href":"https:\/\/unikatna-slovenija.si\/en\/wp-json\/wp\/v2\/media?parent=5887"}],"wp:term":[{"taxonomy":"product_brand","embeddable":true,"href":"https:\/\/unikatna-slovenija.si\/en\/wp-json\/wp\/v2\/product_brand?post=5887"},{"taxonomy":"product_cat","embeddable":true,"href":"https:\/\/unikatna-slovenija.si\/en\/wp-json\/wp\/v2\/product_cat?post=5887"},{"taxonomy":"product_tag","embeddable":true,"href":"https:\/\/unikatna-slovenija.si\/en\/wp-json\/wp\/v2\/product_tag?post=5887"}],"curies":[{"name":"wp","href":"https:\/\/api.w.org\/{rel}","templated":true}]}}