{"id":5804,"date":"2017-12-15T01:00:00","date_gmt":"2017-12-15T00:00:00","guid":{"rendered":"http:\/\/http:\/\/unikatna-slovenija.si\/product\/moski-opium-yves-saint-laurent\/"},"modified":"2025-02-27T00:46:21","modified_gmt":"2025-02-26T23:46:21","slug":"moski-opium-yves-saint-laurent","status":"publish","type":"product","link":"https:\/\/unikatna-slovenija.si\/en\/trgovina\/moski-opium-yves-saint-laurent\/","title":{"rendered":"OPIUM &#8211; Yves Saint Laurent"},"content":{"rendered":"<div class=\"col-r\">\n<h3 class=\"h4\">Sestavine<\/h3>\n<pre class=\"h5\">Zgornje note: ribez, mandarina, zvezdasti jane\u017e, sivka<\/pre>\n<pre class=\"h5\">Bazne note: krvomo\u010dnica, ingver, poper<\/pre>\n<pre class=\"h5\">Sr\u010dne note: pa\u010duli, cedra, vanilija<\/pre>\n<\/div>\n<p><strong>Sestava: INCI:<\/strong>\u00a0Alcohol Denat, Parfum, Aqua, Triethyl Citrate, Benzyl Benzoate, Cinnamal, Citral, Citronellol, Coumarin, Eugenol, Geraniol, Hydroxyisohexyl 3-Cyclohexene Carboxaldehyde, D-Limonene, Linalool, Evernia Furfuracea Extract<\/p>\n<p><strong>OPOZORILO:<\/strong>\u00a0Ni u\u017eitno, shranjujte stran od otrok<\/p>\n<p><strong>Datum uporabe:<\/strong>\u00a0natisnjen na deklaraciji parfuma<\/p>\n","protected":false},"excerpt":{"rendered":"<p>Opium &#8211; Y.S. Laurent je orientalska cvetno-za\u010dinjena di\u0161ava za mo\u0161ke. Odkrijte v sebi mo\u010d. S parfumom Opium vas nih\u010de ne more spregledati! Zaradi eksoti\u010dnih sestavin iz celega sveta postanete skrivnostni zapeljivec, ki se mu ne more upreti nobena \u017eenska. Dobite energijo in samozavest s to \u010dudovito di\u0161avo in zagotovljeno va\u0161e ob\u010dudovanje!<\/p>\n","protected":false},"featured_media":10695,"template":"","meta":[],"product_brand":[],"product_cat":[231,221],"product_tag":[356,359,253],"class_list":{"0":"post-5804","1":"product","2":"type-product","3":"status-publish","4":"has-post-thumbnail","6":"product_cat-moski-parfumi","7":"product_cat-parfumi","8":"product_tag-cvetlicni","9":"product_tag-orientalski","10":"product_tag-yves-saint-laurent","12":"first","13":"instock","14":"featured","15":"shipping-taxable","16":"purchasable","17":"product-type-variable"},"aioseo_notices":[],"_links":{"self":[{"href":"https:\/\/unikatna-slovenija.si\/en\/wp-json\/wp\/v2\/product\/5804","targetHints":{"allow":["GET"]}}],"collection":[{"href":"https:\/\/unikatna-slovenija.si\/en\/wp-json\/wp\/v2\/product"}],"about":[{"href":"https:\/\/unikatna-slovenija.si\/en\/wp-json\/wp\/v2\/types\/product"}],"wp:featuredmedia":[{"embeddable":true,"href":"https:\/\/unikatna-slovenija.si\/en\/wp-json\/wp\/v2\/media\/10695"}],"wp:attachment":[{"href":"https:\/\/unikatna-slovenija.si\/en\/wp-json\/wp\/v2\/media?parent=5804"}],"wp:term":[{"taxonomy":"product_brand","embeddable":true,"href":"https:\/\/unikatna-slovenija.si\/en\/wp-json\/wp\/v2\/product_brand?post=5804"},{"taxonomy":"product_cat","embeddable":true,"href":"https:\/\/unikatna-slovenija.si\/en\/wp-json\/wp\/v2\/product_cat?post=5804"},{"taxonomy":"product_tag","embeddable":true,"href":"https:\/\/unikatna-slovenija.si\/en\/wp-json\/wp\/v2\/product_tag?post=5804"}],"curies":[{"name":"wp","href":"https:\/\/api.w.org\/{rel}","templated":true}]}}