{"id":5799,"date":"2017-12-15T01:00:00","date_gmt":"2017-12-15T00:00:00","guid":{"rendered":"http:\/\/http:\/\/unikatna-slovenija.si\/product\/elle-yves-saint-laurent\/"},"modified":"2025-02-27T00:46:21","modified_gmt":"2025-02-26T23:46:21","slug":"elle-yves-saint-laurent","status":"publish","type":"product","link":"https:\/\/unikatna-slovenija.si\/en\/trgovina\/elle-yves-saint-laurent\/","title":{"rendered":"ELLE &#8211; Yves Saint Laurent"},"content":{"rendered":"<p>Sestavine<\/p>\n<div class=\"col-r\">\n<pre class=\"h5\">Zgornje note: li\u010di, limona, potonika<\/pre>\n<pre class=\"h5\">Bazne note: jasmin, poper, frezija, vrtnica<\/pre>\n<pre class=\"h5\">Sr\u010dne note: cedra, vetiver, ambra, pa\u010duli<\/pre>\n<\/div>\n<p><strong>Sestava: INCI:<\/strong>\u00a0Alcohol Denat, Parfum, Aqua, Alergeny Citronellol, Iso Eugenol, Limonene, Linalool, Benzyl Salicylate<\/p>\n<p><strong>OPOZORILO:<\/strong>\u00a0Ni u\u017eitno, shranjujte stran od otrok<\/p>\n<p><strong>Datum uporabe:<\/strong>\u00a0natisnjen na deklaraciji parfuma<\/p>\n","protected":false},"excerpt":{"rendered":"<p>Elle osvoji va\u0161e srce. Di\u0161ava je posebej zasnovana za mlada in sodobna dekleta, ki so igriva, svobodna in u\u017eivajo \u017eivljenje. So polne pri\u010dakovanj in i\u0161\u010dejo pravo ljubezen. Cvetli\u010dna kompozicija o\u010dara va\u0161e \u010dute, prebudite jih z neverjetno in nezmenljivo di\u0161avo Elle.<\/p>\n","protected":false},"featured_media":10683,"template":"","meta":[],"product_brand":[],"product_cat":[221,222],"product_tag":[358,253],"class_list":{"0":"post-5799","1":"product","2":"type-product","3":"status-publish","4":"has-post-thumbnail","6":"product_cat-parfumi","7":"product_cat-zenski-parfumi","8":"product_tag-lesni","9":"product_tag-yves-saint-laurent","11":"first","12":"instock","13":"shipping-taxable","14":"purchasable","15":"product-type-variable"},"aioseo_notices":[],"_links":{"self":[{"href":"https:\/\/unikatna-slovenija.si\/en\/wp-json\/wp\/v2\/product\/5799","targetHints":{"allow":["GET"]}}],"collection":[{"href":"https:\/\/unikatna-slovenija.si\/en\/wp-json\/wp\/v2\/product"}],"about":[{"href":"https:\/\/unikatna-slovenija.si\/en\/wp-json\/wp\/v2\/types\/product"}],"wp:featuredmedia":[{"embeddable":true,"href":"https:\/\/unikatna-slovenija.si\/en\/wp-json\/wp\/v2\/media\/10683"}],"wp:attachment":[{"href":"https:\/\/unikatna-slovenija.si\/en\/wp-json\/wp\/v2\/media?parent=5799"}],"wp:term":[{"taxonomy":"product_brand","embeddable":true,"href":"https:\/\/unikatna-slovenija.si\/en\/wp-json\/wp\/v2\/product_brand?post=5799"},{"taxonomy":"product_cat","embeddable":true,"href":"https:\/\/unikatna-slovenija.si\/en\/wp-json\/wp\/v2\/product_cat?post=5799"},{"taxonomy":"product_tag","embeddable":true,"href":"https:\/\/unikatna-slovenija.si\/en\/wp-json\/wp\/v2\/product_tag?post=5799"}],"curies":[{"name":"wp","href":"https:\/\/api.w.org\/{rel}","templated":true}]}}