{"id":5779,"date":"2017-11-03T01:00:00","date_gmt":"2017-11-03T00:00:00","guid":{"rendered":"http:\/\/http:\/\/unikatna-slovenija.si\/product\/gabrielle-chanel\/"},"modified":"2025-02-27T00:46:10","modified_gmt":"2025-02-26T23:46:10","slug":"gabrielle-chanel","status":"publish","type":"product","link":"https:\/\/unikatna-slovenija.si\/en\/trgovina\/gabrielle-chanel\/","title":{"rendered":"GABRIELLE &#8211; Chanel"},"content":{"rendered":"<div class=\"col-r\">\n<div class=\"col-r\">\n<p><strong>Sestavine<\/strong><\/p>\n<div class=\"col-r\">\n<pre class=\"h5\">Zgornje note: grenivka, mandarina, \u010drni ribez<\/pre>\n<pre class=\"h5\">Bazne note: pomaran\u010dni cvet, ylang ylang, jasmin, tuberoza<\/pre>\n<pre class=\"h5\">Sr\u010dne note: mo\u0161us, sandalovina<\/pre>\n<\/div>\n<p><strong>Sestava: INCI:<\/strong>\u00a0Alcohol Denat, Parfum, Aqua, Alergeny Citronellol, Iso Eugenol, Limonene, Linalool, Benzyl Salicylate<\/p>\n<p><strong>OPOZORILO:<\/strong>\u00a0Ni u\u017eitno, shranjujte stran od otrok<\/p>\n<p><strong>Datum uporabe:<\/strong>\u00a0natisnjen na deklaraciji parfuma<\/p>\n<\/div>\n<\/div>\n","protected":false},"excerpt":{"rendered":"<p>Samozavestna, drzna in uporni\u0161ka Gabrielle. Parfum je najavljen kot &#8221;abstraktna cvetli\u010dna&#8221; di\u0161ava. Je lepa, bogata, luksuzna in \u017eenstvena cvetli\u010dna di\u0161ava v kateri je vonj izmi\u0161ljene ro\u017ee, sestavljena iz pomaran\u010dnega cveta, ylang ylanga, jasmina in tuberoze.\u00a0 Bodite, kot Gabrielle, samozavestna, uporni\u0161ka in drzna.<\/p>\n","protected":false},"featured_media":10683,"template":"","meta":[],"product_brand":[],"product_cat":[221,222],"product_tag":[228,356],"class_list":{"0":"post-5779","1":"product","2":"type-product","3":"status-publish","4":"has-post-thumbnail","6":"product_cat-parfumi","7":"product_cat-zenski-parfumi","8":"product_tag-chanel","9":"product_tag-cvetlicni","11":"first","12":"instock","13":"featured","14":"shipping-taxable","15":"purchasable","16":"product-type-variable"},"aioseo_notices":[],"_links":{"self":[{"href":"https:\/\/unikatna-slovenija.si\/en\/wp-json\/wp\/v2\/product\/5779","targetHints":{"allow":["GET"]}}],"collection":[{"href":"https:\/\/unikatna-slovenija.si\/en\/wp-json\/wp\/v2\/product"}],"about":[{"href":"https:\/\/unikatna-slovenija.si\/en\/wp-json\/wp\/v2\/types\/product"}],"wp:featuredmedia":[{"embeddable":true,"href":"https:\/\/unikatna-slovenija.si\/en\/wp-json\/wp\/v2\/media\/10683"}],"wp:attachment":[{"href":"https:\/\/unikatna-slovenija.si\/en\/wp-json\/wp\/v2\/media?parent=5779"}],"wp:term":[{"taxonomy":"product_brand","embeddable":true,"href":"https:\/\/unikatna-slovenija.si\/en\/wp-json\/wp\/v2\/product_brand?post=5779"},{"taxonomy":"product_cat","embeddable":true,"href":"https:\/\/unikatna-slovenija.si\/en\/wp-json\/wp\/v2\/product_cat?post=5779"},{"taxonomy":"product_tag","embeddable":true,"href":"https:\/\/unikatna-slovenija.si\/en\/wp-json\/wp\/v2\/product_tag?post=5779"}],"curies":[{"name":"wp","href":"https:\/\/api.w.org\/{rel}","templated":true}]}}