{"id":5754,"date":"2017-11-03T01:00:00","date_gmt":"2017-11-03T00:00:00","guid":{"rendered":"http:\/\/http:\/\/unikatna-slovenija.si\/product\/spicebomb-viktorrolf\/"},"modified":"2025-02-27T00:45:57","modified_gmt":"2025-02-26T23:45:57","slug":"spicebomb-viktorrolf","status":"publish","type":"product","link":"https:\/\/unikatna-slovenija.si\/en\/trgovina\/spicebomb-viktorrolf\/","title":{"rendered":"SPICEBOMB &#8211; Viktor&#038;Rolf"},"content":{"rendered":"<div class=\"col-r\">\n<div class=\"col-r\">\n<div class=\"col-r\">\n<div class=\"col-r\">\n<div class=\"col-r\">\n<h3 class=\"h4\">Sestavine<\/h3>\n<pre class=\"h5\">Zgornje note: ro\u017eni poper, bergamotka, elemi<\/pre>\n<pre class=\"h5\">Bazne note: papri\u010dica, cimet, \u017eafran<\/pre>\n<pre class=\"h5\">Sr\u010dne note: vetiver, tobak, usnje<\/pre>\n<\/div>\n<\/div>\n<div class=\"col-r\"><\/div>\n<p><strong>Sestava: INCI:<\/strong>\u00a0\u00a0\u00a0Alcohol Denat, Parfum, Aqua, Triethyl Citrate, Citral, Benzyl Salicylate, Citronellol, Coumarin, Geraniol, Hydroxy Citronellal, Hydroxyisohexyl 3\u2013Cyclohexene Carboxaldehyde, D\u2013Limonene, Linalool, Butylphenyl Methylpropional<\/p>\n<p><strong>OPOZORILO:<\/strong>\u00a0Ni u\u017eitno, shranjujte stran od otrok<\/p>\n<p><strong>Datum uporabe:<\/strong>\u00a0natisnjen na deklaraciji parfuma<\/p>\n<\/div>\n<\/div>\n<\/div>\n","protected":false},"excerpt":{"rendered":"<p>Odli\u010dna mo\u0161ka di\u0161ava Spicebomb je popolno ravnote\u017eje mo\u010di in elegance, intenzivnosti in subtilnosti. Di\u0161avo bodo cenili vsi samozavestni in dinami\u010dni mo\u0161ki, ki stojijo z obema nogama trdno na tleh. Lesna in za\u010dinjena mo\u0161ka di\u0161ava je zelo impresivna in je kot nala\u0161\u010d za vsakodnevno no\u0161enje.<\/p>\n","protected":false},"featured_media":10695,"template":"","meta":[],"product_brand":[],"product_cat":[231,221],"product_tag":[358,276],"class_list":{"0":"post-5754","1":"product","2":"type-product","3":"status-publish","4":"has-post-thumbnail","6":"product_cat-moski-parfumi","7":"product_cat-parfumi","8":"product_tag-lesni","9":"product_tag-viktor-rolf","11":"first","12":"instock","13":"featured","14":"shipping-taxable","15":"purchasable","16":"product-type-variable"},"aioseo_notices":[],"_links":{"self":[{"href":"https:\/\/unikatna-slovenija.si\/en\/wp-json\/wp\/v2\/product\/5754","targetHints":{"allow":["GET"]}}],"collection":[{"href":"https:\/\/unikatna-slovenija.si\/en\/wp-json\/wp\/v2\/product"}],"about":[{"href":"https:\/\/unikatna-slovenija.si\/en\/wp-json\/wp\/v2\/types\/product"}],"wp:featuredmedia":[{"embeddable":true,"href":"https:\/\/unikatna-slovenija.si\/en\/wp-json\/wp\/v2\/media\/10695"}],"wp:attachment":[{"href":"https:\/\/unikatna-slovenija.si\/en\/wp-json\/wp\/v2\/media?parent=5754"}],"wp:term":[{"taxonomy":"product_brand","embeddable":true,"href":"https:\/\/unikatna-slovenija.si\/en\/wp-json\/wp\/v2\/product_brand?post=5754"},{"taxonomy":"product_cat","embeddable":true,"href":"https:\/\/unikatna-slovenija.si\/en\/wp-json\/wp\/v2\/product_cat?post=5754"},{"taxonomy":"product_tag","embeddable":true,"href":"https:\/\/unikatna-slovenija.si\/en\/wp-json\/wp\/v2\/product_tag?post=5754"}],"curies":[{"name":"wp","href":"https:\/\/api.w.org\/{rel}","templated":true}]}}