{"id":5749,"date":"2017-11-03T01:00:00","date_gmt":"2017-11-03T00:00:00","guid":{"rendered":"http:\/\/http:\/\/unikatna-slovenija.si\/product\/stronger-with-you-armani\/"},"modified":"2025-02-27T00:45:45","modified_gmt":"2025-02-26T23:45:45","slug":"stronger-with-you-armani","status":"publish","type":"product","link":"https:\/\/unikatna-slovenija.si\/en\/trgovina\/stronger-with-you-armani\/","title":{"rendered":"STRONGER WITH YOU &#8211; Armani"},"content":{"rendered":"<div class=\"col-r\">\n<div class=\"col-r\">\n<div class=\"col-r\">\n<h3 class=\"h4\">Sestavine<\/h3>\n<pre class=\"h5\">Zgornje note: kardamom, ribez, listi vijolice, meta<\/pre>\n<pre class=\"h5\">Bazne note: \u017eajbelj, melona, ananas<\/pre>\n<pre class=\"h5\">Sr\u010dne note: vanilija, kostanj, cedra, amber<\/pre>\n<\/div>\n<\/div>\n<div class=\"col-r\"><\/div>\n<p><strong>Sestava: INCI:<\/strong>\u00a0\u00a0\u00a0Alcohol Denat, Parfum, Aqua, Triethyl Citrate, Citral, Benzyl Salicylate, Citronellol, Coumarin, Geraniol, Hydroxy Citronellal, Hydroxyisohexyl 3\u2013Cyclohexene Carboxaldehyde, D\u2013Limonene, Linalool, Butylphenyl Methylpropional<\/p>\n<p><strong>OPOZORILO:<\/strong>\u00a0Ni u\u017eitno, shranjujte stran od otrok<\/p>\n<p><strong>Datum uporabe:<\/strong>\u00a0natisnjen na deklaraciji parfuma<\/p>\n<\/div>\n","protected":false},"excerpt":{"rendered":"<p>Parfum je oblikovan z moderno energijo, ki presene\u010da s svojo izvirnostjo. Di\u0161ava za mo\u0161ke je podedovala samozavestno eleganco in lahkoto nezahtevne mladosti. Stronger with you je simbol mo\u010dne mladosti.<\/p>\n","protected":false},"featured_media":10695,"template":"","meta":[],"product_brand":[],"product_cat":[231,221],"product_tag":[226,359],"class_list":{"0":"post-5749","1":"product","2":"type-product","3":"status-publish","4":"has-post-thumbnail","6":"product_cat-moski-parfumi","7":"product_cat-parfumi","8":"product_tag-armani","9":"product_tag-orientalski","11":"first","12":"instock","13":"featured","14":"shipping-taxable","15":"purchasable","16":"product-type-variable"},"aioseo_notices":[],"_links":{"self":[{"href":"https:\/\/unikatna-slovenija.si\/en\/wp-json\/wp\/v2\/product\/5749","targetHints":{"allow":["GET"]}}],"collection":[{"href":"https:\/\/unikatna-slovenija.si\/en\/wp-json\/wp\/v2\/product"}],"about":[{"href":"https:\/\/unikatna-slovenija.si\/en\/wp-json\/wp\/v2\/types\/product"}],"wp:featuredmedia":[{"embeddable":true,"href":"https:\/\/unikatna-slovenija.si\/en\/wp-json\/wp\/v2\/media\/10695"}],"wp:attachment":[{"href":"https:\/\/unikatna-slovenija.si\/en\/wp-json\/wp\/v2\/media?parent=5749"}],"wp:term":[{"taxonomy":"product_brand","embeddable":true,"href":"https:\/\/unikatna-slovenija.si\/en\/wp-json\/wp\/v2\/product_brand?post=5749"},{"taxonomy":"product_cat","embeddable":true,"href":"https:\/\/unikatna-slovenija.si\/en\/wp-json\/wp\/v2\/product_cat?post=5749"},{"taxonomy":"product_tag","embeddable":true,"href":"https:\/\/unikatna-slovenija.si\/en\/wp-json\/wp\/v2\/product_tag?post=5749"}],"curies":[{"name":"wp","href":"https:\/\/api.w.org\/{rel}","templated":true}]}}