{"id":5707,"date":"2017-10-16T01:00:00","date_gmt":"2017-10-16T00:00:00","guid":{"rendered":"http:\/\/http:\/\/unikatna-slovenija.si\/product\/euphoria-man-calvin-klein\/"},"modified":"2025-02-27T00:45:45","modified_gmt":"2025-02-26T23:45:45","slug":"euphoria-man-calvin-klein","status":"publish","type":"product","link":"https:\/\/unikatna-slovenija.si\/en\/trgovina\/euphoria-man-calvin-klein\/","title":{"rendered":"Euphoria Man &#8211; Calvin Klein"},"content":{"rendered":"<div class=\"col-r\">\n<h3 class=\"h4\">Sestavine<\/h3>\n<pre class=\"h5\">Zgornje note: ingver, poper<\/pre>\n<pre class=\"h5\">Bazne note: bazilika, \u017eajbelj, cedra<\/pre>\n<pre class=\"h5\">Sr\u010dne note: brazilski ro\u017eni les, pa\u010duli, semi\u0161, jantar<\/pre>\n<\/div>\n<p><strong>Sestava: INCI:<\/strong>\u00a0\u00a0<b>Alcohol Denat, Parfum, Aqua, Triethyl Citrate, Citral, Coumarin, Eugenol, D-Limonene, Linalool, Butylphenyl Methylpropional, Alpha-Isomethyl Ionone<\/b><\/p>\n<p><strong>OPOZORILO:<\/strong>\u00a0Ni u\u017eitno, shranjujte stran od otrok<\/p>\n<p><strong>Datum uporabe:<\/strong>\u00a0natisnjen na deklaraciji parfuma<\/p>\n","protected":false},"excerpt":{"rendered":"<p>Je rahlo za\u010dinjena lesna di\u0161ava za mo\u0161ke z du\u0161o gentelmena. Eleganca, samozavest in stil &#8211; to je di\u0161ava Euphoria Man. Z parfumom boste zagotovo izstopali iz mno\u017eice. Postanite pravi gentelmen z eno in edino di\u0161avo Euphoria Man od Calvina Kleina.<\/p>\n","protected":false},"featured_media":10695,"template":"","meta":[],"product_brand":[],"product_cat":[231,221],"product_tag":[238,358,359],"class_list":{"0":"post-5707","1":"product","2":"type-product","3":"status-publish","4":"has-post-thumbnail","6":"product_cat-moski-parfumi","7":"product_cat-parfumi","8":"product_tag-calvin-klein","9":"product_tag-lesni","10":"product_tag-orientalski","12":"first","13":"outofstock","14":"shipping-taxable","15":"purchasable","16":"product-type-variable"},"aioseo_notices":[],"_links":{"self":[{"href":"https:\/\/unikatna-slovenija.si\/en\/wp-json\/wp\/v2\/product\/5707","targetHints":{"allow":["GET"]}}],"collection":[{"href":"https:\/\/unikatna-slovenija.si\/en\/wp-json\/wp\/v2\/product"}],"about":[{"href":"https:\/\/unikatna-slovenija.si\/en\/wp-json\/wp\/v2\/types\/product"}],"wp:featuredmedia":[{"embeddable":true,"href":"https:\/\/unikatna-slovenija.si\/en\/wp-json\/wp\/v2\/media\/10695"}],"wp:attachment":[{"href":"https:\/\/unikatna-slovenija.si\/en\/wp-json\/wp\/v2\/media?parent=5707"}],"wp:term":[{"taxonomy":"product_brand","embeddable":true,"href":"https:\/\/unikatna-slovenija.si\/en\/wp-json\/wp\/v2\/product_brand?post=5707"},{"taxonomy":"product_cat","embeddable":true,"href":"https:\/\/unikatna-slovenija.si\/en\/wp-json\/wp\/v2\/product_cat?post=5707"},{"taxonomy":"product_tag","embeddable":true,"href":"https:\/\/unikatna-slovenija.si\/en\/wp-json\/wp\/v2\/product_tag?post=5707"}],"curies":[{"name":"wp","href":"https:\/\/api.w.org\/{rel}","templated":true}]}}