{"id":5692,"date":"2017-10-16T01:00:00","date_gmt":"2017-10-16T00:00:00","guid":{"rendered":"http:\/\/http:\/\/unikatna-slovenija.si\/product\/dolce-dior\/"},"modified":"2025-02-27T00:45:34","modified_gmt":"2025-02-26T23:45:34","slug":"dolce-dior","status":"publish","type":"product","link":"https:\/\/unikatna-slovenija.si\/en\/trgovina\/dolce-dior\/","title":{"rendered":"DOLCE &#8211; Dior"},"content":{"rendered":"<div class=\"col-r\">\n<h3 class=\"h4\">Sestavine<\/h3>\n<pre class=\"h5\">Zgornje note: neroli, cvet papaje<\/pre>\n<pre class=\"h5\">Bazne note: lokvanj, narcisa, amarilis<\/pre>\n<pre class=\"h5\">Sr\u010dne note: ka\u0161mir, mo\u0161us<\/pre>\n<\/div>\n<p>&nbsp;<\/p>\n<p><strong>Sestava: INCI:\u00a0<\/strong>Alcohol Denat, Parfum, Aqua, Triethyl Citrate, Alergeny\u00a0Citronellol, Isoeugenol, Limonene, Linalool, Benzyl Salicylate<\/p>\n<p><strong>OPOZORILO<\/strong>: Ni u\u017eitno, shranjujte stran od otrok<\/p>\n<p><strong>Datum uporabe<\/strong>: natisnjen na deklaraciji parfuma<\/p>\n","protected":false},"excerpt":{"rendered":"<p>Dolce &#8211; D&amp;G predstavlja \u017eensko sve\u017eino, krhko ravnovesje in popolno di\u0161e\u010do esenco. Gre za \u010dutno pot skozi Sicilijo, ki je obdana z razcvetelimi travniki, veselim navdu\u0161enjem in delikatnostjo. Di\u0161ava simbolizira izrazito enostavnost. Dolce vas prevzame s sve\u017eino nerolija in papaje. Gre za kombinacijo, ki takoj prodre v globino va\u0161ega srca in povzro\u010di prijetno vznemirjenje. \u010ce dodate \u0161e lokvanj ali ka\u0161mir les, potem zavohate unikatno lahkost in eksoti\u010dnost v svojih vohalnih \u010dutih.<\/p>\n","protected":false},"featured_media":10683,"template":"","meta":[],"product_brand":[],"product_cat":[221,222],"product_tag":[356,236],"class_list":{"0":"post-5692","1":"product","2":"type-product","3":"status-publish","4":"has-post-thumbnail","6":"product_cat-parfumi","7":"product_cat-zenski-parfumi","8":"product_tag-cvetlicni","9":"product_tag-dior","11":"first","12":"outofstock","13":"shipping-taxable","14":"purchasable","15":"product-type-variable"},"aioseo_notices":[],"_links":{"self":[{"href":"https:\/\/unikatna-slovenija.si\/en\/wp-json\/wp\/v2\/product\/5692","targetHints":{"allow":["GET"]}}],"collection":[{"href":"https:\/\/unikatna-slovenija.si\/en\/wp-json\/wp\/v2\/product"}],"about":[{"href":"https:\/\/unikatna-slovenija.si\/en\/wp-json\/wp\/v2\/types\/product"}],"wp:featuredmedia":[{"embeddable":true,"href":"https:\/\/unikatna-slovenija.si\/en\/wp-json\/wp\/v2\/media\/10683"}],"wp:attachment":[{"href":"https:\/\/unikatna-slovenija.si\/en\/wp-json\/wp\/v2\/media?parent=5692"}],"wp:term":[{"taxonomy":"product_brand","embeddable":true,"href":"https:\/\/unikatna-slovenija.si\/en\/wp-json\/wp\/v2\/product_brand?post=5692"},{"taxonomy":"product_cat","embeddable":true,"href":"https:\/\/unikatna-slovenija.si\/en\/wp-json\/wp\/v2\/product_cat?post=5692"},{"taxonomy":"product_tag","embeddable":true,"href":"https:\/\/unikatna-slovenija.si\/en\/wp-json\/wp\/v2\/product_tag?post=5692"}],"curies":[{"name":"wp","href":"https:\/\/api.w.org\/{rel}","templated":true}]}}