{"id":5635,"date":"2017-07-21T01:00:00","date_gmt":"2017-07-21T00:00:00","guid":{"rendered":"http:\/\/http:\/\/unikatna-slovenija.si\/product\/jadore-in-joy-dior\/"},"modified":"2025-02-27T00:45:22","modified_gmt":"2025-02-26T23:45:22","slug":"jadore-in-joy-dior","status":"publish","type":"product","link":"https:\/\/unikatna-slovenija.si\/en\/trgovina\/jadore-in-joy-dior\/","title":{"rendered":"J&#8217;adore In Joy &#8211; Dior"},"content":{"rendered":"<p>Sestavine<\/p>\n<div class=\"col-r\">\n<pre class=\"h5\">Zgornje note: morska sol<\/pre>\n<pre class=\"h5\">Bazne note: jasmin, ylang - ylang, neroli, tuberoza<\/pre>\n<pre class=\"h5\">Sr\u010dne note: breskev<\/pre>\n<\/div>\n<p><strong>Sestava: INCI:<\/strong>\u00a0Alcohol Denat, Parfum, Aqua, Alergeny Citronellol, Iso Eugenol, Limonene, Linalool, Benzyl Salicylate<\/p>\n<p><strong>OPOZORILO:<\/strong>\u00a0Ni u\u017eitno, shranjujte stran od otrok<\/p>\n<p><strong>Datum uporabe:<\/strong>\u00a0natisnjen na deklaraciji parfuma<\/p>\n","protected":false},"excerpt":{"rendered":"<p>Di\u0161ava J&#8217;adore in Joy &#8211; Dior di\u0161i dobesedno po veselju. Nova di\u0161ava je hkrati sladka in slana. Sam vonj di\u0161ave predstavlja zadovoljstvo, ljubezen do \u017eivljenja in razburjenje, kakr\u0161nega nosi pomlad. Avtor di\u0161ave dodaja di\u0161avi neobi\u010dajno noto soli v kombinaciji belih cvetov. Parfum se uvr\u0161\u010da med cvetli\u010dno &#8211; sadne vonje.<\/p>\n","protected":false},"featured_media":10683,"template":"","meta":[],"product_brand":[],"product_cat":[221,222],"product_tag":[356,236],"class_list":{"0":"post-5635","1":"product","2":"type-product","3":"status-publish","4":"has-post-thumbnail","6":"product_cat-parfumi","7":"product_cat-zenski-parfumi","8":"product_tag-cvetlicni","9":"product_tag-dior","11":"first","12":"instock","13":"shipping-taxable","14":"purchasable","15":"product-type-variable"},"aioseo_notices":[],"_links":{"self":[{"href":"https:\/\/unikatna-slovenija.si\/en\/wp-json\/wp\/v2\/product\/5635","targetHints":{"allow":["GET"]}}],"collection":[{"href":"https:\/\/unikatna-slovenija.si\/en\/wp-json\/wp\/v2\/product"}],"about":[{"href":"https:\/\/unikatna-slovenija.si\/en\/wp-json\/wp\/v2\/types\/product"}],"wp:featuredmedia":[{"embeddable":true,"href":"https:\/\/unikatna-slovenija.si\/en\/wp-json\/wp\/v2\/media\/10683"}],"wp:attachment":[{"href":"https:\/\/unikatna-slovenija.si\/en\/wp-json\/wp\/v2\/media?parent=5635"}],"wp:term":[{"taxonomy":"product_brand","embeddable":true,"href":"https:\/\/unikatna-slovenija.si\/en\/wp-json\/wp\/v2\/product_brand?post=5635"},{"taxonomy":"product_cat","embeddable":true,"href":"https:\/\/unikatna-slovenija.si\/en\/wp-json\/wp\/v2\/product_cat?post=5635"},{"taxonomy":"product_tag","embeddable":true,"href":"https:\/\/unikatna-slovenija.si\/en\/wp-json\/wp\/v2\/product_tag?post=5635"}],"curies":[{"name":"wp","href":"https:\/\/api.w.org\/{rel}","templated":true}]}}