{"id":5630,"date":"2017-07-21T01:00:00","date_gmt":"2017-07-21T00:00:00","guid":{"rendered":"http:\/\/http:\/\/unikatna-slovenija.si\/product\/decadence-marc-jacobs\/"},"modified":"2025-02-27T00:45:22","modified_gmt":"2025-02-26T23:45:22","slug":"decadence-marc-jacobs","status":"publish","type":"product","link":"https:\/\/unikatna-slovenija.si\/en\/trgovina\/decadence-marc-jacobs\/","title":{"rendered":"Decadence &#8211; Marc Jacobs"},"content":{"rendered":"<p>Sestavine<\/p>\n<div class=\"col-r\">\n<pre class=\"h5\">Zgornje note: sliva, iris, \u017eafran<\/pre>\n<pre class=\"h5\">Bazne note: bolgarska vrtnica, orris, jasmin<\/pre>\n<pre class=\"h5\">Sr\u010dne note: papirus, jantar, vetiver<\/pre>\n<\/div>\n<p><strong>Sestava: INCI:<\/strong>\u00a0Alcohol Denat, Parfum, Aqua, Triethyl Citrate, Citral, Benzyl Salicylate, Citronellol, Coumarin, Geraniol, Hydroxycitronellal, Hydrohyisohexyl 3-Cyclohexene Carboxaldehyde, D-Limonene, Linalool, Butylphenyl Methylpropional<\/p>\n<p><strong>OPOZORILO:<\/strong>\u00a0Ni u\u017eitno, shranjujte stran od otrok<\/p>\n<p><strong>Datum uporabe:<\/strong>\u00a0natisnjen na deklaraciji parfuma<\/p>\n","protected":false},"excerpt":{"rendered":"<p>Decadence je povabilo, da se potopite v svet razko\u0161ja. Drzna, glamurozna in revolucionarna zasnova di\u0161ave vas bo zagotovo navdu\u0161ila. Decadence &#8211; Marc Jacobs je lesna, slaj\u0161a di\u0161ava, ki ima neverjetno zasnovo in odli\u010dno obstojnost.<\/p>\n","protected":false},"featured_media":10683,"template":"","meta":[],"product_brand":[],"product_cat":[221,222],"product_tag":[358,316,359],"class_list":{"0":"post-5630","1":"product","2":"type-product","3":"status-publish","4":"has-post-thumbnail","6":"product_cat-parfumi","7":"product_cat-zenski-parfumi","8":"product_tag-lesni","9":"product_tag-marc-jacobs","10":"product_tag-orientalski","12":"first","13":"instock","14":"shipping-taxable","15":"purchasable","16":"product-type-variable"},"aioseo_notices":[],"_links":{"self":[{"href":"https:\/\/unikatna-slovenija.si\/en\/wp-json\/wp\/v2\/product\/5630","targetHints":{"allow":["GET"]}}],"collection":[{"href":"https:\/\/unikatna-slovenija.si\/en\/wp-json\/wp\/v2\/product"}],"about":[{"href":"https:\/\/unikatna-slovenija.si\/en\/wp-json\/wp\/v2\/types\/product"}],"wp:featuredmedia":[{"embeddable":true,"href":"https:\/\/unikatna-slovenija.si\/en\/wp-json\/wp\/v2\/media\/10683"}],"wp:attachment":[{"href":"https:\/\/unikatna-slovenija.si\/en\/wp-json\/wp\/v2\/media?parent=5630"}],"wp:term":[{"taxonomy":"product_brand","embeddable":true,"href":"https:\/\/unikatna-slovenija.si\/en\/wp-json\/wp\/v2\/product_brand?post=5630"},{"taxonomy":"product_cat","embeddable":true,"href":"https:\/\/unikatna-slovenija.si\/en\/wp-json\/wp\/v2\/product_cat?post=5630"},{"taxonomy":"product_tag","embeddable":true,"href":"https:\/\/unikatna-slovenija.si\/en\/wp-json\/wp\/v2\/product_tag?post=5630"}],"curies":[{"name":"wp","href":"https:\/\/api.w.org\/{rel}","templated":true}]}}