{"id":5605,"date":"2017-07-21T01:00:00","date_gmt":"2017-07-21T00:00:00","guid":{"rendered":"http:\/\/http:\/\/unikatna-slovenija.si\/product\/wow-joop\/"},"modified":"2025-02-27T00:45:10","modified_gmt":"2025-02-26T23:45:10","slug":"wow-joop","status":"publish","type":"product","link":"https:\/\/unikatna-slovenija.si\/en\/trgovina\/wow-joop\/","title":{"rendered":"Wow! &#8211; Joop"},"content":{"rendered":"<h3>Sestavine<\/h3>\n<pre class=\"h5\">Zgornje note: bergamotka, kardamom, listi vijolice<\/pre>\n<pre class=\"h5\">Bazne note: jelka, vetiver, krvomo\u010dnica<\/pre>\n<pre class=\"h5\">Sr\u010dne note: ka\u0161mirjev les, vanilija, fi\u017eol tonka<\/pre>\n<p><strong>Sestava: INCI:<\/strong>\u00a0 Alcohol Denat, Parfum, Aqua, Triethyl Citrate, Cinnamal, D-Limonene, Citral, Linalool, Caumarin, Eugenol, Hydroxycitronellal, Butylphenyl Methylpropional, Alpha-Isomethyl Ionone<\/p>\n<p><strong>OPOZORILO:<\/strong>\u00a0Ni u\u017eitno, shranjujte stran od otrok<\/p>\n<p><strong>Datum uporabe:<\/strong>\u00a0natisnjen na deklaraciji parfuma<\/p>\n","protected":false},"excerpt":{"rendered":"<p>Joop! Wow! di\u0161ava, ki je namenjena za vplivnega \u010dloveka mo\u010dne volje in svobodnega duha. S to di\u0161avo mo\u0161ki prese\u017ee vse svoje meje. Di\u0161ava je prav tak\u0161na, kot je \u017eivljenje samo &#8211; polna presene\u010denj. Mo\u0161ki, ki uporabljajo Joop! Wow ostanejo zvesti samemu sebi. Izkoristite prilo\u017enost in za\u010dnite dan z bogato di\u0161avo Joop! Wow!<\/p>\n","protected":false},"featured_media":10695,"template":"","meta":[],"product_brand":[],"product_cat":[231,221],"product_tag":[239,358],"class_list":{"0":"post-5605","1":"product","2":"type-product","3":"status-publish","4":"has-post-thumbnail","6":"product_cat-moski-parfumi","7":"product_cat-parfumi","8":"product_tag-joop","9":"product_tag-lesni","11":"first","12":"instock","13":"shipping-taxable","14":"purchasable","15":"product-type-variable"},"aioseo_notices":[],"_links":{"self":[{"href":"https:\/\/unikatna-slovenija.si\/en\/wp-json\/wp\/v2\/product\/5605","targetHints":{"allow":["GET"]}}],"collection":[{"href":"https:\/\/unikatna-slovenija.si\/en\/wp-json\/wp\/v2\/product"}],"about":[{"href":"https:\/\/unikatna-slovenija.si\/en\/wp-json\/wp\/v2\/types\/product"}],"wp:featuredmedia":[{"embeddable":true,"href":"https:\/\/unikatna-slovenija.si\/en\/wp-json\/wp\/v2\/media\/10695"}],"wp:attachment":[{"href":"https:\/\/unikatna-slovenija.si\/en\/wp-json\/wp\/v2\/media?parent=5605"}],"wp:term":[{"taxonomy":"product_brand","embeddable":true,"href":"https:\/\/unikatna-slovenija.si\/en\/wp-json\/wp\/v2\/product_brand?post=5605"},{"taxonomy":"product_cat","embeddable":true,"href":"https:\/\/unikatna-slovenija.si\/en\/wp-json\/wp\/v2\/product_cat?post=5605"},{"taxonomy":"product_tag","embeddable":true,"href":"https:\/\/unikatna-slovenija.si\/en\/wp-json\/wp\/v2\/product_tag?post=5605"}],"curies":[{"name":"wp","href":"https:\/\/api.w.org\/{rel}","templated":true}]}}