{"id":5548,"date":"2017-07-12T00:00:00","date_gmt":"2017-07-12T00:00:00","guid":{"rendered":"http:\/\/http:\/\/unikatna-slovenija.si\/product\/lesene-belezke-vec-motivov\/"},"modified":"2022-06-09T22:54:05","modified_gmt":"2022-06-09T21:54:05","slug":"lesene-belezke-vec-motivov","status":"publish","type":"product","link":"https:\/\/unikatna-slovenija.si\/en\/trgovina\/lesene-belezke-vec-motivov\/","title":{"rendered":"Lesene bele\u017eke &#8211; ve\u010d motivov"},"content":{"rendered":"<p>Zaradi uporabe naravnega materiala za platnice so barvna in strukturna odstopanja obi\u010dajna, zato so slike le simboli\u010dne.<\/p>\n<ul>\n<li>Dimenzije platnice: 135 mm x 100 mm<\/li>\n<li>S \u010drtastimi listi<\/li>\n<\/ul>\n","protected":false},"excerpt":{"rendered":"<p>Ob zaklju\u010dku nakupa v opombe napi\u0161ite \u017eeljeno barvo traka.<\/p>\n","protected":false},"featured_media":5549,"template":"","meta":[],"product_brand":[],"product_cat":[272,264],"product_tag":[],"class_list":{"0":"post-5548","1":"product","2":"type-product","3":"status-publish","4":"has-post-thumbnail","6":"product_cat-lesene-belezke","7":"product_cat-leseni-nakit","9":"first","10":"instock","11":"shipping-taxable","12":"purchasable","13":"product-type-variable"},"aioseo_notices":[],"_links":{"self":[{"href":"https:\/\/unikatna-slovenija.si\/en\/wp-json\/wp\/v2\/product\/5548","targetHints":{"allow":["GET"]}}],"collection":[{"href":"https:\/\/unikatna-slovenija.si\/en\/wp-json\/wp\/v2\/product"}],"about":[{"href":"https:\/\/unikatna-slovenija.si\/en\/wp-json\/wp\/v2\/types\/product"}],"wp:featuredmedia":[{"embeddable":true,"href":"https:\/\/unikatna-slovenija.si\/en\/wp-json\/wp\/v2\/media\/5549"}],"wp:attachment":[{"href":"https:\/\/unikatna-slovenija.si\/en\/wp-json\/wp\/v2\/media?parent=5548"}],"wp:term":[{"taxonomy":"product_brand","embeddable":true,"href":"https:\/\/unikatna-slovenija.si\/en\/wp-json\/wp\/v2\/product_brand?post=5548"},{"taxonomy":"product_cat","embeddable":true,"href":"https:\/\/unikatna-slovenija.si\/en\/wp-json\/wp\/v2\/product_cat?post=5548"},{"taxonomy":"product_tag","embeddable":true,"href":"https:\/\/unikatna-slovenija.si\/en\/wp-json\/wp\/v2\/product_tag?post=5548"}],"curies":[{"name":"wp","href":"https:\/\/api.w.org\/{rel}","templated":true}]}}