{"id":5341,"date":"2017-05-06T00:00:00","date_gmt":"2017-05-06T00:00:00","guid":{"rendered":"http:\/\/http:\/\/unikatna-slovenija.si\/product\/viseci-uhani-kalea\/"},"modified":"2018-07-16T13:52:56","modified_gmt":"2018-07-16T13:52:56","slug":"viseci-uhani-kalea","status":"publish","type":"product","link":"https:\/\/unikatna-slovenija.si\/en\/trgovina\/viseci-uhani-kalea\/","title":{"rendered":"Vise\u010di uhani Kalea"},"content":{"rendered":"","protected":false},"excerpt":{"rendered":"<p>Uhani so\u00a0narejeni iz lepljenega lesa debeline 3 mm (ameri\u0161ki oreh), bru\u0161eno in oljeno.<\/p>\n<p>Uhani so narejeni v dveh velikostih.\u00a0Ve\u010dji imajo premer 48 mm, manj\u0161i pa 38 mm.<\/p>\n<p>Mo\u017enost izbire kavelj\u010dka iz kirur\u0161kega jekla. <strong>Bakreni kavelj\u010dek je brez niklja.<\/strong><\/p>\n","protected":false},"featured_media":5342,"template":"","meta":[],"product_brand":[],"product_cat":[264,268],"product_tag":[],"class_list":{"0":"post-5341","1":"product","2":"type-product","3":"status-publish","4":"has-post-thumbnail","6":"product_cat-leseni-nakit","7":"product_cat-viseci-leseni-uhani","9":"first","10":"instock","11":"shipping-taxable","12":"purchasable","13":"product-type-variable"},"aioseo_notices":[],"_links":{"self":[{"href":"https:\/\/unikatna-slovenija.si\/en\/wp-json\/wp\/v2\/product\/5341","targetHints":{"allow":["GET"]}}],"collection":[{"href":"https:\/\/unikatna-slovenija.si\/en\/wp-json\/wp\/v2\/product"}],"about":[{"href":"https:\/\/unikatna-slovenija.si\/en\/wp-json\/wp\/v2\/types\/product"}],"wp:featuredmedia":[{"embeddable":true,"href":"https:\/\/unikatna-slovenija.si\/en\/wp-json\/wp\/v2\/media\/5342"}],"wp:attachment":[{"href":"https:\/\/unikatna-slovenija.si\/en\/wp-json\/wp\/v2\/media?parent=5341"}],"wp:term":[{"taxonomy":"product_brand","embeddable":true,"href":"https:\/\/unikatna-slovenija.si\/en\/wp-json\/wp\/v2\/product_brand?post=5341"},{"taxonomy":"product_cat","embeddable":true,"href":"https:\/\/unikatna-slovenija.si\/en\/wp-json\/wp\/v2\/product_cat?post=5341"},{"taxonomy":"product_tag","embeddable":true,"href":"https:\/\/unikatna-slovenija.si\/en\/wp-json\/wp\/v2\/product_tag?post=5341"}],"curies":[{"name":"wp","href":"https:\/\/api.w.org\/{rel}","templated":true}]}}