{"id":5333,"date":"2016-12-21T01:00:00","date_gmt":"2016-12-21T00:00:00","guid":{"rendered":"http:\/\/http:\/\/unikatna-slovenija.si\/product\/lady-million-paco-rabanne\/"},"modified":"2025-02-27T00:44:58","modified_gmt":"2025-02-26T23:44:58","slug":"lady-million-paco-rabanne","status":"publish","type":"product","link":"https:\/\/unikatna-slovenija.si\/en\/trgovina\/lady-million-paco-rabanne\/","title":{"rendered":"LADY MILLION &#8211; Paco Rabanne"},"content":{"rendered":"<div class=\"col-r\">\n<div class=\"col-r\">\n<h3 class=\"h4\">Sestavine<\/h3>\n<pre class=\"h5\">Zgornje note: med, pa\u010duli<\/pre>\n<pre class=\"h5\">Bazne note: gardenija, jasmin, cvet pomaran\u010devca<\/pre>\n<pre class=\"h5\">Sr\u010dne note: neroli, malina, limona<\/pre>\n<\/div>\n<p>&nbsp;<\/p>\n<p><strong>Sestava: INCI:<\/strong>\u00a0Alcohol Denat, Parfum, Aqua, Triethyl Citrate, Benzyl Alcohol, Benzyl Salicylate, Citral, Citronellol, Coumarin, Hexyl Cinnamal, Hydroxy Citronellal, D-Limonene, Linalool, Butylphenly Methylpropional, Alpha-Isomethyl Ionone<\/p>\n<p><strong>OPOZORILO:<\/strong>\u00a0Ni u\u017eitno, shranjujte stran od otrok<\/p>\n<p><strong>Datum uporabe:<\/strong>\u00a0natisnjen na deklaraciji parfuma<\/p>\n<\/div>\n<div class=\"col-r\"><\/div>\n","protected":false},"excerpt":{"rendered":"<p>Lady Million je \u010dudovita cvetna di\u0161ava za \u017eenske. Postanite zlati diamant. Razvajajte svoje \u010dute z osupljivo kombinacijo \u010dutnih cvetlic in opojnega sadja. Ne\u017ena in sladka esenca belega medu ter sve\u017ei akordi cveta\u00a0pomaran\u010devca. Zaljubite se v veselje do \u017eivljenja. Prepustite se domi\u0161ljiji parfuma Lady Million in spoznali boste skrivnosti zapeljevanja.<\/p>\n","protected":false},"featured_media":10683,"template":"","meta":[],"product_brand":[],"product_cat":[221,222],"product_tag":[356,237],"class_list":{"0":"post-5333","1":"product","2":"type-product","3":"status-publish","4":"has-post-thumbnail","6":"product_cat-parfumi","7":"product_cat-zenski-parfumi","8":"product_tag-cvetlicni","9":"product_tag-paco-rabanne","11":"first","12":"instock","13":"shipping-taxable","14":"purchasable","15":"product-type-variable"},"aioseo_notices":[],"_links":{"self":[{"href":"https:\/\/unikatna-slovenija.si\/en\/wp-json\/wp\/v2\/product\/5333","targetHints":{"allow":["GET"]}}],"collection":[{"href":"https:\/\/unikatna-slovenija.si\/en\/wp-json\/wp\/v2\/product"}],"about":[{"href":"https:\/\/unikatna-slovenija.si\/en\/wp-json\/wp\/v2\/types\/product"}],"wp:featuredmedia":[{"embeddable":true,"href":"https:\/\/unikatna-slovenija.si\/en\/wp-json\/wp\/v2\/media\/10683"}],"wp:attachment":[{"href":"https:\/\/unikatna-slovenija.si\/en\/wp-json\/wp\/v2\/media?parent=5333"}],"wp:term":[{"taxonomy":"product_brand","embeddable":true,"href":"https:\/\/unikatna-slovenija.si\/en\/wp-json\/wp\/v2\/product_brand?post=5333"},{"taxonomy":"product_cat","embeddable":true,"href":"https:\/\/unikatna-slovenija.si\/en\/wp-json\/wp\/v2\/product_cat?post=5333"},{"taxonomy":"product_tag","embeddable":true,"href":"https:\/\/unikatna-slovenija.si\/en\/wp-json\/wp\/v2\/product_tag?post=5333"}],"curies":[{"name":"wp","href":"https:\/\/api.w.org\/{rel}","templated":true}]}}