{"id":5308,"date":"2016-12-21T01:00:00","date_gmt":"2016-12-21T00:00:00","guid":{"rendered":"http:\/\/http:\/\/unikatna-slovenija.si\/product\/mon-paris-yves-saint-laurent\/"},"modified":"2025-02-27T00:44:46","modified_gmt":"2025-02-26T23:44:46","slug":"mon-paris-yves-saint-laurent","status":"publish","type":"product","link":"https:\/\/unikatna-slovenija.si\/en\/trgovina\/mon-paris-yves-saint-laurent\/","title":{"rendered":"MON PARIS &#8211; Yves Saint Laurent"},"content":{"rendered":"<p style=\"font-weight: 400;\"><b>Sestavine<\/b><\/p>\n<pre class=\"h5\">Zgornje note: jagoda, malina, hru\u0161ka, bergamotka, pomaran\u010da<\/pre>\n<pre class=\"h5\">Bazne note: potonika, cvetovi pomaran\u010de, jasmin<\/pre>\n<pre class=\"h5\">Sr\u010dne note: pa\u010duli, beli mo\u0161us, ambroksan, cedra, vanilija<\/pre>\n<p style=\"font-weight: 400;\"><b><strong>Sestava: INCI:\u00a0<\/strong><\/b>Alcohol Denat, Parfum, Aqua, Triethyl Citrate, Benzyl Salicylate, Benzyl Benzoate, Citral, Citronellol, Hydroxy Citronellal, D-Limonene, Linalool, Butylphenyl Methylpropional, Alpha-Isomethyl Ionone<\/p>\n<p style=\"font-weight: 400;\"><b><strong>OPOZORILO:<\/strong><\/b>\u00a0Ni u\u017eitno, shranjujte stran od otrok<\/p>\n<p style=\"font-weight: 400;\"><b><strong>Datum uporabe:<\/strong><\/b>\u00a0natisnjen na deklaraciji parfuma<\/p>\n","protected":false},"excerpt":{"rendered":"<p>Di\u0161ava vas bo ponesla v nepozabne sladke trenutke zaljubljenosti, trenutke ki naj bi trajali ve\u010dno. Sestava parfuma se za\u010dne z notami sadja in se nadaljuje v opojno cvetli\u010dno srce. V baznih notah lahko za\u010dutite kristalni beli mo\u0161us in pa\u010duli, ki daje di\u0161avi provokativno klasi\u010dno noto parfuma. U\u017eivajte v ljubezni in izkoristite mo\u010d parfuma Mon Paris.<\/p>\n","protected":false},"featured_media":10683,"template":"","meta":[],"product_brand":[],"product_cat":[221,222],"product_tag":[356,253],"class_list":{"0":"post-5308","1":"product","2":"type-product","3":"status-publish","4":"has-post-thumbnail","6":"product_cat-parfumi","7":"product_cat-zenski-parfumi","8":"product_tag-cvetlicni","9":"product_tag-yves-saint-laurent","11":"first","12":"instock","13":"shipping-taxable","14":"purchasable","15":"product-type-variable"},"aioseo_notices":[],"_links":{"self":[{"href":"https:\/\/unikatna-slovenija.si\/en\/wp-json\/wp\/v2\/product\/5308","targetHints":{"allow":["GET"]}}],"collection":[{"href":"https:\/\/unikatna-slovenija.si\/en\/wp-json\/wp\/v2\/product"}],"about":[{"href":"https:\/\/unikatna-slovenija.si\/en\/wp-json\/wp\/v2\/types\/product"}],"wp:featuredmedia":[{"embeddable":true,"href":"https:\/\/unikatna-slovenija.si\/en\/wp-json\/wp\/v2\/media\/10683"}],"wp:attachment":[{"href":"https:\/\/unikatna-slovenija.si\/en\/wp-json\/wp\/v2\/media?parent=5308"}],"wp:term":[{"taxonomy":"product_brand","embeddable":true,"href":"https:\/\/unikatna-slovenija.si\/en\/wp-json\/wp\/v2\/product_brand?post=5308"},{"taxonomy":"product_cat","embeddable":true,"href":"https:\/\/unikatna-slovenija.si\/en\/wp-json\/wp\/v2\/product_cat?post=5308"},{"taxonomy":"product_tag","embeddable":true,"href":"https:\/\/unikatna-slovenija.si\/en\/wp-json\/wp\/v2\/product_tag?post=5308"}],"curies":[{"name":"wp","href":"https:\/\/api.w.org\/{rel}","templated":true}]}}