{"id":5303,"date":"2016-12-21T01:00:00","date_gmt":"2016-12-21T00:00:00","guid":{"rendered":"http:\/\/http:\/\/unikatna-slovenija.si\/product\/candy-prada\/"},"modified":"2025-02-27T00:44:46","modified_gmt":"2025-02-26T23:44:46","slug":"candy-prada","status":"publish","type":"product","link":"https:\/\/unikatna-slovenija.si\/en\/trgovina\/candy-prada\/","title":{"rendered":"CANDY &#8211; Prada"},"content":{"rendered":"<div class=\"col-r\">\n<h3 class=\"h4\">Sestavine<\/h3>\n<pre class=\"h5\">Zgornje note: mo\u0161us<\/pre>\n<pre class=\"h5\">Bazne note: benzoin, pudraste note, mo\u0161us<\/pre>\n<pre class=\"h5\">Sr\u010dne note: karamela, vanilija<\/pre>\n<\/div>\n<p><strong>Sestava: INCI:<\/strong>\u00a0Alcohol Denat, Parfum, Aqua, Triethyl Citrate, Citronellol, Geraniol, Hexyl Cinnamal, Hydroxyisohexyl 3\u2013Cyclohexene Carboxaldehyde, D-Limonene, Linalool, Hydroxy Citronellal, Butylphenyl Methylpropional, Alpha\u2013Isomethyl Ionone<\/p>\n<p><strong>OPOZORILO:<\/strong>\u00a0Ni u\u017eitno, shranjujte stran od otrok<\/p>\n<p><strong>Datum uporabe:<\/strong>\u00a0natisnjen na deklaraciji parfuma<\/p>\n","protected":false},"excerpt":{"rendered":"<p>Candy &#8211; Prada je sladka cvetli\u010dna di\u0161ava, ki je namenjena za vse \u017eenske, ki se ne bojijo izraziti svoje mnenje. Izstopite iz mno\u017eice. Dobite novo energijo. Lahki cvetli\u010dni toni vas o\u010darajo. S parfumom Candy izrazite svoje mnenje.\u00a0Di\u0161ave je primerna za samozavestne \u017eenske, ki vedo, kaj ho\u010dejo.<\/p>\n","protected":false},"featured_media":10683,"template":"","meta":[],"product_brand":[],"product_cat":[221,222],"product_tag":[356,359,263],"class_list":{"0":"post-5303","1":"product","2":"type-product","3":"status-publish","4":"has-post-thumbnail","6":"product_cat-parfumi","7":"product_cat-zenski-parfumi","8":"product_tag-cvetlicni","9":"product_tag-orientalski","10":"product_tag-prada","12":"first","13":"instock","14":"shipping-taxable","15":"purchasable","16":"product-type-variable"},"aioseo_notices":[],"_links":{"self":[{"href":"https:\/\/unikatna-slovenija.si\/en\/wp-json\/wp\/v2\/product\/5303","targetHints":{"allow":["GET"]}}],"collection":[{"href":"https:\/\/unikatna-slovenija.si\/en\/wp-json\/wp\/v2\/product"}],"about":[{"href":"https:\/\/unikatna-slovenija.si\/en\/wp-json\/wp\/v2\/types\/product"}],"wp:featuredmedia":[{"embeddable":true,"href":"https:\/\/unikatna-slovenija.si\/en\/wp-json\/wp\/v2\/media\/10683"}],"wp:attachment":[{"href":"https:\/\/unikatna-slovenija.si\/en\/wp-json\/wp\/v2\/media?parent=5303"}],"wp:term":[{"taxonomy":"product_brand","embeddable":true,"href":"https:\/\/unikatna-slovenija.si\/en\/wp-json\/wp\/v2\/product_brand?post=5303"},{"taxonomy":"product_cat","embeddable":true,"href":"https:\/\/unikatna-slovenija.si\/en\/wp-json\/wp\/v2\/product_cat?post=5303"},{"taxonomy":"product_tag","embeddable":true,"href":"https:\/\/unikatna-slovenija.si\/en\/wp-json\/wp\/v2\/product_tag?post=5303"}],"curies":[{"name":"wp","href":"https:\/\/api.w.org\/{rel}","templated":true}]}}