{"id":5286,"date":"2016-12-18T00:00:00","date_gmt":"2016-12-18T00:00:00","guid":{"rendered":"http:\/\/http:\/\/unikatna-slovenija.si\/product\/viseci-uhani-polni-metulj\/"},"modified":"2019-12-03T00:00:06","modified_gmt":"2019-12-02T22:00:06","slug":"viseci-uhani-polni-metulj","status":"publish","type":"product","link":"https:\/\/unikatna-slovenija.si\/en\/trgovina\/viseci-uhani-polni-metulj\/","title":{"rendered":"Vise\u010di uhani Polni Metulj"},"content":{"rendered":"","protected":false},"excerpt":{"rendered":"<p>Uhani so\u00a0narejeni iz lepljenega lesa debeline 3 mm (ameri\u0161ki oreh), bru\u0161eno in oljeno.<\/p>\n<p>Uhani so narejeni v dveh velikostih.\u00a0Ve\u010dji so \u0161iroki 48 mm in visoki 40 mm, manj\u0161i so \u0161iroki 40 mm in visoki 33 mm.<\/p>\n<p>Mo\u017enost izbire kavelj\u010dka iz kirur\u0161kega jekla. <strong>Bakreni kavelj\u010dek je brez niklja.<\/strong><\/p>\n","protected":false},"featured_media":5287,"template":"","meta":[],"product_brand":[],"product_cat":[264,268],"product_tag":[],"class_list":{"0":"post-5286","1":"product","2":"type-product","3":"status-publish","4":"has-post-thumbnail","6":"product_cat-leseni-nakit","7":"product_cat-viseci-leseni-uhani","9":"first","10":"instock","11":"shipping-taxable","12":"purchasable","13":"product-type-variable"},"aioseo_notices":[],"_links":{"self":[{"href":"https:\/\/unikatna-slovenija.si\/en\/wp-json\/wp\/v2\/product\/5286","targetHints":{"allow":["GET"]}}],"collection":[{"href":"https:\/\/unikatna-slovenija.si\/en\/wp-json\/wp\/v2\/product"}],"about":[{"href":"https:\/\/unikatna-slovenija.si\/en\/wp-json\/wp\/v2\/types\/product"}],"wp:featuredmedia":[{"embeddable":true,"href":"https:\/\/unikatna-slovenija.si\/en\/wp-json\/wp\/v2\/media\/5287"}],"wp:attachment":[{"href":"https:\/\/unikatna-slovenija.si\/en\/wp-json\/wp\/v2\/media?parent=5286"}],"wp:term":[{"taxonomy":"product_brand","embeddable":true,"href":"https:\/\/unikatna-slovenija.si\/en\/wp-json\/wp\/v2\/product_brand?post=5286"},{"taxonomy":"product_cat","embeddable":true,"href":"https:\/\/unikatna-slovenija.si\/en\/wp-json\/wp\/v2\/product_cat?post=5286"},{"taxonomy":"product_tag","embeddable":true,"href":"https:\/\/unikatna-slovenija.si\/en\/wp-json\/wp\/v2\/product_tag?post=5286"}],"curies":[{"name":"wp","href":"https:\/\/api.w.org\/{rel}","templated":true}]}}