{"id":5186,"date":"2016-12-18T00:00:00","date_gmt":"2016-12-18T00:00:00","guid":{"rendered":"http:\/\/http:\/\/unikatna-slovenija.si\/product\/viseci-uhani-valoviti-ark\/"},"modified":"2018-07-16T13:47:33","modified_gmt":"2018-07-16T13:47:33","slug":"viseci-uhani-valoviti-ark","status":"publish","type":"product","link":"https:\/\/unikatna-slovenija.si\/en\/trgovina\/viseci-uhani-valoviti-ark\/","title":{"rendered":"Vise\u010di uhani Valoviti Ark"},"content":{"rendered":"<p>Na\u0161i izdelki so narejeni z ob\u010dutkom za naravo in trajnostno \u2013 narejeni so iz lesa, ki je \u010dloveku najbli\u017eji material. So preprosto sporo\u010dilo, da se v najosnovnej\u0161ih izdelkih skriva na\u0161a skrb za ohranjanje narave.<\/p>\n<p>Uhani so narejeni iz posebne 3 mm debele lesene vezane plo\u0161\u010de ki jo proizvajamo sami. Les je ameri\u0161ki oreh, ki se s svojo elegantno barvno ujame z \u0161tevilnimi kombinacijami.<\/p>\n<p>Vsaki na\u0161i uhani so strojno izrezani nato pa ro\u010dno bru\u0161eni ter naoljeni.<\/p>\n<p>Uhani so narejeni v dveh velikostih.\u00a0Ve\u010dji imajo premer 44\u00a0mm, manj\u0161i pa 35\u00a0mm. <strong>Bakreni kavelj\u010dek je brez niklja.<\/strong><\/p>\n","protected":false},"excerpt":{"rendered":"<p>Lahki leseni uhani, oblikovani s pridihom minimalizma, a hkrati opazni ter odli\u010den modni dodatek va\u0161i garderobi.<\/p>\n<p>Primerni so za tako za posebne prilo\u017enosti kot za vsakodnevno no\u0161enje. Uhani so tudi odli\u010dno darilo \u2013 z nakupom prejmete tudi darilno \u0161katlico iz recikliranega papirja.<\/p>\n","protected":false},"featured_media":5187,"template":"","meta":[],"product_brand":[],"product_cat":[264,268],"product_tag":[],"class_list":{"0":"post-5186","1":"product","2":"type-product","3":"status-publish","4":"has-post-thumbnail","6":"product_cat-leseni-nakit","7":"product_cat-viseci-leseni-uhani","9":"first","10":"instock","11":"shipping-taxable","12":"purchasable","13":"product-type-variable"},"aioseo_notices":[],"_links":{"self":[{"href":"https:\/\/unikatna-slovenija.si\/en\/wp-json\/wp\/v2\/product\/5186","targetHints":{"allow":["GET"]}}],"collection":[{"href":"https:\/\/unikatna-slovenija.si\/en\/wp-json\/wp\/v2\/product"}],"about":[{"href":"https:\/\/unikatna-slovenija.si\/en\/wp-json\/wp\/v2\/types\/product"}],"wp:featuredmedia":[{"embeddable":true,"href":"https:\/\/unikatna-slovenija.si\/en\/wp-json\/wp\/v2\/media\/5187"}],"wp:attachment":[{"href":"https:\/\/unikatna-slovenija.si\/en\/wp-json\/wp\/v2\/media?parent=5186"}],"wp:term":[{"taxonomy":"product_brand","embeddable":true,"href":"https:\/\/unikatna-slovenija.si\/en\/wp-json\/wp\/v2\/product_brand?post=5186"},{"taxonomy":"product_cat","embeddable":true,"href":"https:\/\/unikatna-slovenija.si\/en\/wp-json\/wp\/v2\/product_cat?post=5186"},{"taxonomy":"product_tag","embeddable":true,"href":"https:\/\/unikatna-slovenija.si\/en\/wp-json\/wp\/v2\/product_tag?post=5186"}],"curies":[{"name":"wp","href":"https:\/\/api.w.org\/{rel}","templated":true}]}}