{"id":5003,"date":"2016-12-17T00:00:00","date_gmt":"2016-12-17T00:00:00","guid":{"rendered":"http:\/\/http:\/\/unikatna-slovenija.si\/product\/ogrlica-roze\/"},"modified":"2018-07-06T12:27:43","modified_gmt":"2018-07-06T12:27:43","slug":"ogrlica-roze","status":"publish","type":"product","link":"https:\/\/unikatna-slovenija.si\/en\/trgovina\/ogrlica-roze\/","title":{"rendered":"Ogrlica Ro\u017ee"},"content":{"rendered":"","protected":false},"excerpt":{"rendered":"<p>Ogrlica\u00a0je narejena iz lepljenega lesa debeline 5 mm (ameri\u0161ki oreh). Je lasersko rezana, ro\u010dno bru\u0161ena in oljena z naravnim organskim oljem.<\/p>\n<p>Leseni del ogrlice\u00a0je \u0161irok 14,1 cm ali 13 cm, celotna ogrlica\u00a0je dol\u017eine 47 cm. Kovina ne vsebuje niklja.<\/p>\n<p>Zapakirana je v \u0161katlici iz 100% recikliranega papirja.<\/p>\n","protected":false},"featured_media":5004,"template":"","meta":[],"product_brand":[],"product_cat":[266,264],"product_tag":[],"class_list":{"0":"post-5003","1":"product","2":"type-product","3":"status-publish","4":"has-post-thumbnail","6":"product_cat-lesene-ogrlice","7":"product_cat-leseni-nakit","9":"first","10":"instock","11":"shipping-taxable","12":"purchasable","13":"product-type-variable"},"aioseo_notices":[],"_links":{"self":[{"href":"https:\/\/unikatna-slovenija.si\/en\/wp-json\/wp\/v2\/product\/5003","targetHints":{"allow":["GET"]}}],"collection":[{"href":"https:\/\/unikatna-slovenija.si\/en\/wp-json\/wp\/v2\/product"}],"about":[{"href":"https:\/\/unikatna-slovenija.si\/en\/wp-json\/wp\/v2\/types\/product"}],"wp:featuredmedia":[{"embeddable":true,"href":"https:\/\/unikatna-slovenija.si\/en\/wp-json\/wp\/v2\/media\/5004"}],"wp:attachment":[{"href":"https:\/\/unikatna-slovenija.si\/en\/wp-json\/wp\/v2\/media?parent=5003"}],"wp:term":[{"taxonomy":"product_brand","embeddable":true,"href":"https:\/\/unikatna-slovenija.si\/en\/wp-json\/wp\/v2\/product_brand?post=5003"},{"taxonomy":"product_cat","embeddable":true,"href":"https:\/\/unikatna-slovenija.si\/en\/wp-json\/wp\/v2\/product_cat?post=5003"},{"taxonomy":"product_tag","embeddable":true,"href":"https:\/\/unikatna-slovenija.si\/en\/wp-json\/wp\/v2\/product_tag?post=5003"}],"curies":[{"name":"wp","href":"https:\/\/api.w.org\/{rel}","templated":true}]}}