{"id":4920,"date":"2016-06-14T01:00:00","date_gmt":"2016-06-14T00:00:00","guid":{"rendered":"http:\/\/http:\/\/unikatna-slovenija.si\/product\/luna-rossa-prada\/"},"modified":"2025-02-27T00:44:33","modified_gmt":"2025-02-26T23:44:33","slug":"luna-rossa-prada","status":"publish","type":"product","link":"https:\/\/unikatna-slovenija.si\/en\/trgovina\/luna-rossa-prada\/","title":{"rendered":"LUNA ROSSA &#8211; Prada"},"content":{"rendered":"<div class=\"col-r\">\n<h3 class=\"h4\">Sestavine<\/h3>\n<pre class=\"h5\">Zgornje note: grenka pomaran\u010da, sivka<\/pre>\n<pre class=\"h5\">Bazne note: meta, mu\u0161katna kadulja<\/pre>\n<pre class=\"h5\">Sr\u010dne note: ambroksan, ambrette<\/pre>\n<\/div>\n<p><strong>Sestava: INCI:<\/strong>\u00a0\u00a0Alcohol Denat, Parfum, Aqua, Triethyl Citrate, Benzyl Salicylate, Benzyl Benzoate, Citral, Citronellol, Hydrox Citronellal, D-Limonene, Llinalool, Butylphenyl Methylpropional, Alpha-Isomethyl Ionone<\/p>\n<p><strong>OPOZORILO:<\/strong>\u00a0Ni u\u017eitno, shranjujte stran od otrok<\/p>\n<p><strong>Datum uporabe:<\/strong>\u00a0natisnjen na deklaraciji parfuma<\/p>\n","protected":false},"excerpt":{"rendered":"<p>Luna Rossa &#8211; Prada\u00a0<span lang=\"sl-SI\">pooseblja karizmati\u010dnega in samozavestnega mo\u0161kega, ki zna biti odlo\u010den in ob\u010dutljiv hkrati. Skrbno izbrane esence di\u0161ave bodo\u00a0<\/span><span lang=\"sl-SI\">o\u010darale vse va\u0161e \u010dute in va<\/span>m\u00a0<span lang=\"sl-SI\">zagotovile neskon\u010dni vi<\/span>r\u00a0<span lang=\"sl-SI\">navdiha.\u00a0<\/span>Z\u00a0<span lang=\"sl-SI\">odli\u010dni<\/span>m\u00a0<span lang=\"sl-SI\">parfumom\u00a0<\/span><span lang=\"sl-SI\">Luna Rossa se boste po\u010dutili urejen<\/span>o\u00a0<span lang=\"sl-SI\">in \u010dutno v vsak<\/span>i\u00a0<span lang=\"sl-SI\">situacij<\/span>i\u00a0<span lang=\"sl-SI\">va<\/span><span lang=\"sl-SI\">\u0161<\/span><span lang=\"sl-SI\">ega dne<\/span>.<span lang=\"sl-SI\">\u00a0Zbudite svoj pravi jaz in odprite svojo ob\u010dutljivo \u010dutno plat! Di\u0161ava<\/span>\u00a0Luna Rossa\u00a0<span lang=\"sl-SI\">bo o\u010darala vsako \u017eensko, ki jo bo za\u010dutila!<\/span><\/p>\n","protected":false},"featured_media":10695,"template":"","meta":[],"product_brand":[],"product_cat":[231,221],"product_tag":[355,263,357],"class_list":{"0":"post-4920","1":"product","2":"type-product","3":"status-publish","4":"has-post-thumbnail","6":"product_cat-moski-parfumi","7":"product_cat-parfumi","8":"product_tag-citrusni","9":"product_tag-prada","10":"product_tag-svezi","12":"first","13":"instock","14":"shipping-taxable","15":"purchasable","16":"product-type-variable"},"aioseo_notices":[],"_links":{"self":[{"href":"https:\/\/unikatna-slovenija.si\/en\/wp-json\/wp\/v2\/product\/4920","targetHints":{"allow":["GET"]}}],"collection":[{"href":"https:\/\/unikatna-slovenija.si\/en\/wp-json\/wp\/v2\/product"}],"about":[{"href":"https:\/\/unikatna-slovenija.si\/en\/wp-json\/wp\/v2\/types\/product"}],"wp:featuredmedia":[{"embeddable":true,"href":"https:\/\/unikatna-slovenija.si\/en\/wp-json\/wp\/v2\/media\/10695"}],"wp:attachment":[{"href":"https:\/\/unikatna-slovenija.si\/en\/wp-json\/wp\/v2\/media?parent=4920"}],"wp:term":[{"taxonomy":"product_brand","embeddable":true,"href":"https:\/\/unikatna-slovenija.si\/en\/wp-json\/wp\/v2\/product_brand?post=4920"},{"taxonomy":"product_cat","embeddable":true,"href":"https:\/\/unikatna-slovenija.si\/en\/wp-json\/wp\/v2\/product_cat?post=4920"},{"taxonomy":"product_tag","embeddable":true,"href":"https:\/\/unikatna-slovenija.si\/en\/wp-json\/wp\/v2\/product_tag?post=4920"}],"curies":[{"name":"wp","href":"https:\/\/api.w.org\/{rel}","templated":true}]}}