{"id":4895,"date":"2016-06-14T01:00:00","date_gmt":"2016-06-14T00:00:00","guid":{"rendered":"http:\/\/http:\/\/unikatna-slovenija.si\/product\/eau-de-nuit-armani\/"},"modified":"2025-02-27T00:44:20","modified_gmt":"2025-02-26T23:44:20","slug":"eau-de-nuit-armani","status":"publish","type":"product","link":"https:\/\/unikatna-slovenija.si\/en\/trgovina\/eau-de-nuit-armani\/","title":{"rendered":"EAU DE NUIT &#8211; Armani"},"content":{"rendered":"<div class=\"col-r\">\n<h3 class=\"h4\">Sestavine<\/h3>\n<pre class=\"h5\">Zgornje note: ro\u017enati poper, bergamotka<\/pre>\n<pre class=\"h5\">Bazne note: kardamom, iris, mu\u0161katni ore\u0161\u010dek<\/pre>\n<pre class=\"h5\">Sr\u010dne note: cedra, fi\u017eol tonka, jantar<\/pre>\n<\/div>\n<p><strong>Sestava: INCI:<\/strong>\u00a0Alcohol Denat, Parfum, Aqua, Triethyl Citrate, Alergeny Citronellol, Iso Eugenol, Limonene, Linalool, Benzyl Salicylate<\/p>\n<p><strong>OPOZORILO:<\/strong>\u00a0Ni u\u017eitno, shranjujte stran od otrok<\/p>\n<p><strong>Datum uporabe:<\/strong>\u00a0natisnjen na deklaraciji parfuma<\/p>\n","protected":false},"excerpt":{"rendered":"<p>Eau De Nuit &#8211; Armani je\u00a0<span lang=\"sl-SI\">prava esenca sanjskega sveta.\u00a0<\/span><span lang=\"sl-SI\">Di\u0161avo je med njenim nastankom navdihnil trenutek, ko se dan spreminja v no\u010d. To je popoln simbol prave mo\u0161ke elegance in mo\u010di duha. Parfum<\/span>\u00a0<span lang=\"sl-SI\">v sebi odli\u010dno me\u0161a ne\u017ene razburljive tone sadja, cvetja\u00a0<\/span>in<span lang=\"sl-SI\">za\u010dimb. Di\u0161ava je\u00a0<\/span><span lang=\"sl-SI\">zasnovana tako, da bi\u00a0<\/span><span lang=\"sl-SI\">lahko\u00a0<\/span><span lang=\"sl-SI\">ustavil<\/span>a\u00a0<span lang=\"sl-SI\">\u010das in vam omogo\u010dila, da s\u00a0<\/span><span lang=\"sl-SI\">poln<\/span>o\u00a0<span lang=\"sl-SI\">\u017elico u\u017eivate v\u00a0<\/span><span lang=\"sl-SI\">danem\u00a0<\/span><span lang=\"sl-SI\">trenutk<\/span>u. Ta<span lang=\"sl-SI\">izjemni mo\u0161ki parfum\u00a0<\/span><span lang=\"sl-SI\">presega meje navadnih trendov.\u00a0<\/span>Eau De Nuit\u00a0<span lang=\"sl-SI\">vas bo s svojimi privla\u010dnimi esencami ponesla vse do dimenzije, kjer boste za\u010dutili pravo vznemirjenje in ob\u010dutek bo\u017eanskosti. Parfum je\u00a0<\/span><span lang=\"sl-SI\">odli\u010dno utele\u0161enje italijanske strasti\u00a0<\/span><span lang=\"sl-SI\">in<\/span><span lang=\"sl-SI\">\u010dutnosti.<\/span><span lang=\"sl-SI\">\u00a0Di\u0161ava v sebi prepleta nasprotja, kot\u00a0<\/span>je\u00a0<span lang=\"sl-SI\">svetloba\u00a0<\/span><span lang=\"sl-SI\">in senca,\u00a0<\/span><span lang=\"sl-SI\">son\u010dna zar<\/span>ja\u00a0<span lang=\"sl-SI\">in skrivnostnost\u00a0<\/span><span lang=\"sl-SI\">ve\u010d<\/span><span lang=\"sl-SI\">e<\/span>ra.\u00a0<span lang=\"sl-SI\">Di\u0161ava<\/span>\u00a0<span lang=\"sl-SI\">zna priklicati predstavo o \u010disto\u010di, enostavnosti in prefinjenosti.<\/span><\/p>\n","protected":false},"featured_media":10695,"template":"","meta":[],"product_brand":[],"product_cat":[231,221],"product_tag":[226,359],"class_list":{"0":"post-4895","1":"product","2":"type-product","3":"status-publish","4":"has-post-thumbnail","6":"product_cat-moski-parfumi","7":"product_cat-parfumi","8":"product_tag-armani","9":"product_tag-orientalski","11":"first","12":"instock","13":"shipping-taxable","14":"purchasable","15":"product-type-variable"},"aioseo_notices":[],"_links":{"self":[{"href":"https:\/\/unikatna-slovenija.si\/en\/wp-json\/wp\/v2\/product\/4895","targetHints":{"allow":["GET"]}}],"collection":[{"href":"https:\/\/unikatna-slovenija.si\/en\/wp-json\/wp\/v2\/product"}],"about":[{"href":"https:\/\/unikatna-slovenija.si\/en\/wp-json\/wp\/v2\/types\/product"}],"wp:featuredmedia":[{"embeddable":true,"href":"https:\/\/unikatna-slovenija.si\/en\/wp-json\/wp\/v2\/media\/10695"}],"wp:attachment":[{"href":"https:\/\/unikatna-slovenija.si\/en\/wp-json\/wp\/v2\/media?parent=4895"}],"wp:term":[{"taxonomy":"product_brand","embeddable":true,"href":"https:\/\/unikatna-slovenija.si\/en\/wp-json\/wp\/v2\/product_brand?post=4895"},{"taxonomy":"product_cat","embeddable":true,"href":"https:\/\/unikatna-slovenija.si\/en\/wp-json\/wp\/v2\/product_cat?post=4895"},{"taxonomy":"product_tag","embeddable":true,"href":"https:\/\/unikatna-slovenija.si\/en\/wp-json\/wp\/v2\/product_tag?post=4895"}],"curies":[{"name":"wp","href":"https:\/\/api.w.org\/{rel}","templated":true}]}}